{"id":54,"date":"2023-10-20T15:35:56","date_gmt":"2023-10-20T15:35:56","guid":{"rendered":"https:\/\/steuratech.de\/instandhaltung\/"},"modified":"2025-12-16T04:08:55","modified_gmt":"2025-12-16T03:08:55","slug":"device-manufacturing","status":"publish","type":"page","link":"https:\/\/steuratech.de\/en\/geraetebau\/","title":{"rendered":"Device manu\u00adfac\u00adtu\u00adring"},"content":{"rendered":"<div data-elementor-type=\"wp-page\" data-elementor-id=\"54\" class=\"elementor elementor-54\" data-elementor-post-type=\"page\">\n\t\t\t\t<div class=\"elementor-element elementor-element-0dbbe73 e-flex e-con-boxed e-con e-parent\" data-id=\"0dbbe73\" data-element_type=\"container\" data-e-type=\"container\" data-settings=\"{&quot;background_background&quot;:&quot;classic&quot;}\">\n\t\t\t\t\t<div class=\"e-con-inner\">\n\t\t\t\t\t<\/div>\n\t\t\t\t<\/div>\n\t\t<div class=\"elementor-element elementor-element-af99230 e-flex e-con-boxed e-con e-parent\" data-id=\"af99230\" data-element_type=\"container\" data-e-type=\"container\">\n\t\t\t\t\t<div class=\"e-con-inner\">\n\t\t\t\t<div class=\"elementor-element elementor-element-a5d943b elementor-widget elementor-widget-heading\" data-id=\"a5d943b\" data-element_type=\"widget\" data-e-type=\"widget\" data-widget_type=\"heading.default\">\n\t\t\t\t<div class=\"elementor-widget-container\">\n\t\t\t\t\t<h1 class=\"elementor-heading-title elementor-size-default\">Device manufacturing<\/h1>\t\t\t\t<\/div>\n\t\t\t\t<\/div>\n\t\t<div class=\"elementor-element elementor-element-6a3a460 e-grid e-con-full e-con e-child\" data-id=\"6a3a460\" data-element_type=\"container\" data-e-type=\"container\">\n\t\t<div class=\"elementor-element elementor-element-1e1b091 e-con-full e-flex e-con e-child\" data-id=\"1e1b091\" data-element_type=\"container\" data-e-type=\"container\">\n\t\t\t\t<div class=\"elementor-element elementor-element-b4c4369 elementor-widget elementor-widget-text-editor\" data-id=\"b4c4369\" data-element_type=\"widget\" data-e-type=\"widget\" data-widget_type=\"text-editor.default\">\n\t\t\t\t<div class=\"elementor-widget-container\">\n\t\t\t\t\t\t\t\t\t<p style=\"font-weight: bold;\">Steu\u00adra\u00adtech does not build a thousand devices \u2013 but one.<\/p>\n\nMecha\u00adni\u00adcal enginee\u00adring is not the core com\u00adpe\u00adtency of many com\u00adpa\u00adnies that want to bring their inno\u00adva\u00adtive pro\u00adces\u00adses and tech\u00adno\u00adlo\u00adgies to mar\u00adket as a pro\u00adduct. Do you need only 20, 10, or even just one device per year? Per\u00adfect! Focus on your inno\u00adva\u00adtions and their com\u00admer\u00adcia\u00adliza\u00adtion \u2013 we will deve\u00adlop and build the devices for you.\nThis way, you don\u2019t just receive the equip\u00adment, but gain our full exper\u00adtise of device enginee\u00adring.\t\t\t\t\t\t\t\t<\/div>\n\t\t\t\t<\/div>\n\t\t\t\t<div class=\"elementor-element elementor-element-1f86fa1 elementor-mobile-align-justify elementor-widget elementor-widget-button\" data-id=\"1f86fa1\" data-element_type=\"widget\" data-e-type=\"widget\" data-widget_type=\"button.default\">\n\t\t\t\t<div class=\"elementor-widget-container\">\n\t\t\t\t\t\t\t\t\t<div class=\"elementor-button-wrapper\">\n\t\t\t\t\t<a class=\"elementor-button elementor-button-link elementor-size-sm\" href=\"https:\/\/steuratech.de\/en\/contact\/\">\n\t\t\t\t\t\t<span class=\"elementor-button-content-wrapper\">\n\t\t\t\t\t\t\t\t\t<span class=\"elementor-button-text\">Cont\u00adact us<\/span>\n\t\t\t\t\t<\/span>\n\t\t\t\t\t<\/a>\n\t\t\t\t<\/div>\n\t\t\t\t\t\t\t\t<\/div>\n\t\t\t\t<\/div>\n\t\t\t\t<\/div>\n\t\t\t\t<div class=\"elementor-element elementor-element-5c98e5b elementor-hidden-mobile elementor-widget elementor-widget-image\" data-id=\"5c98e5b\" data-element_type=\"widget\" data-e-type=\"widget\" data-widget_type=\"image.default\">\n\t\t\t\t<div class=\"elementor-widget-container\">\n\t\t\t\t\t\t\t\t\t\t\t\t\t\t\t<img decoding=\"async\" src=\"https:\/\/steuratech.de\/wp-content\/uploads\/elementor\/thumbs\/Kameras-work-r5cwo6bbs61461kep2i2hgjovia6bxr175pqx5qmwg.jpg\" title=\"Kameras-work\" alt=\"Kameras-work\" loading=\"lazy\">\t\t\t\t\t\t\t\t\t\t\t\t\t\t\t<\/div>\n\t\t\t\t<\/div>\n\t\t\t\t<\/div>\n\t\t\t\t\t<\/div>\n\t\t\t\t<\/div>\n\t\t<div class=\"elementor-element elementor-element-f25da6f elementor-hidden-desktop elementor-hidden-tablet e-flex e-con-boxed e-con e-parent\" data-id=\"f25da6f\" data-element_type=\"container\" data-e-type=\"container\" data-settings=\"{&quot;background_background&quot;:&quot;classic&quot;}\">\n\t\t\t\t\t<div class=\"e-con-inner\">\n\t\t\t\t\t<\/div>\n\t\t\t\t<\/div>\n\t\t<div class=\"elementor-element elementor-element-e44a8ef e-flex e-con-boxed e-con e-parent\" data-id=\"e44a8ef\" data-element_type=\"container\" data-e-type=\"container\" data-settings=\"{&quot;background_background&quot;:&quot;classic&quot;}\">\n\t\t\t\t\t<div class=\"e-con-inner\">\n\t\t\t\t<div class=\"elementor-element elementor-element-0d489f7 elementor-widget elementor-widget-heading\" data-id=\"0d489f7\" data-element_type=\"widget\" data-e-type=\"widget\" data-widget_type=\"heading.default\">\n\t\t\t\t<div class=\"elementor-widget-container\">\n\t\t\t\t\t<h2 class=\"elementor-heading-title elementor-size-default\">Our Services<\/h2>\t\t\t\t<\/div>\n\t\t\t\t<\/div>\n\t\t<div class=\"elementor-element elementor-element-adf09b0 e-grid e-con-full e-con e-child\" data-id=\"adf09b0\" data-element_type=\"container\" data-e-type=\"container\">\n\t\t<div class=\"elementor-element elementor-element-5fdcbad e-con-full e-flex e-con e-child\" data-id=\"5fdcbad\" data-element_type=\"container\" data-e-type=\"container\">\n\t\t\t\t<div class=\"elementor-element elementor-element-2cae505 elementor-widget elementor-widget-heading\" data-id=\"2cae505\" data-element_type=\"widget\" data-e-type=\"widget\" data-widget_type=\"heading.default\">\n\t\t\t\t<div class=\"elementor-widget-container\">\n\t\t\t\t\t<h3 class=\"elementor-heading-title elementor-size-default\">Device Development:<\/h3>\t\t\t\t<\/div>\n\t\t\t\t<\/div>\n\t\t\t\t<div class=\"elementor-element elementor-element-3e3b987 elementor-widget elementor-widget-text-editor\" data-id=\"3e3b987\" data-element_type=\"widget\" data-e-type=\"widget\" data-widget_type=\"text-editor.default\">\n\t\t\t\t<div class=\"elementor-widget-container\">\n\t\t\t\t\t\t\t\t\t<p>The suc\u00adcess of your devices depends on many fac\u00adtors. Device deve\u00adlo\u00adp\u00adment plays a key role in that. You know the requi\u00adre\u00adments for your equip\u00adment and we know how to turn them into rea\u00adlity. We design, pro\u00adgram, manu\u00adfac\u00adture, assem\u00adble, and take care.<\/p>\t\t\t\t\t\t\t\t<\/div>\n\t\t\t\t<\/div>\n\t\t\t\t<\/div>\n\t\t<div class=\"elementor-element elementor-element-692414d e-con-full e-flex e-con e-child\" data-id=\"692414d\" data-element_type=\"container\" data-e-type=\"container\">\n\t\t\t\t<div class=\"elementor-element elementor-element-1ecbcb1 elementor-widget elementor-widget-heading\" data-id=\"1ecbcb1\" data-element_type=\"widget\" data-e-type=\"widget\" data-widget_type=\"heading.default\">\n\t\t\t\t<div class=\"elementor-widget-container\">\n\t\t\t\t\t<h3 class=\"elementor-heading-title elementor-size-default\">Prototype Manufacturing:<\/h3>\t\t\t\t<\/div>\n\t\t\t\t<\/div>\n\t\t\t\t<div class=\"elementor-element elementor-element-09ee0cf elementor-widget elementor-widget-text-editor\" data-id=\"09ee0cf\" data-element_type=\"widget\" data-e-type=\"widget\" data-widget_type=\"text-editor.default\">\n\t\t\t\t<div class=\"elementor-widget-container\">\n\t\t\t\t\t\t\t\t\tWhen a design beco\u00admes rea\u00adlity, it always means buil\u00adding a first unit. Whe\u00adther the result is a series pro\u00adduct or a sin\u00adgle piece, your pro\u00adto\u00adtype always has top prio\u00adrity with us. Thanks to our in-house manu\u00adfac\u00adtu\u00adring depth, we pro\u00advide ever\u00ady\u00adthing nee\u00added to bring inno\u00adva\u00adtions into appli\u00adca\u00adtion.\t\t\t\t\t\t\t\t<\/div>\n\t\t\t\t<\/div>\n\t\t\t\t<\/div>\n\t\t<div class=\"elementor-element elementor-element-66fcf7b e-con-full e-flex e-con e-child\" data-id=\"66fcf7b\" data-element_type=\"container\" data-e-type=\"container\">\n\t\t\t\t<div class=\"elementor-element elementor-element-5219732 elementor-widget elementor-widget-heading\" data-id=\"5219732\" data-element_type=\"widget\" data-e-type=\"widget\" data-widget_type=\"heading.default\">\n\t\t\t\t<div class=\"elementor-widget-container\">\n\t\t\t\t\t<h3 class=\"elementor-heading-title elementor-size-default\">Small-Series Production:<\/h3>\t\t\t\t<\/div>\n\t\t\t\t<\/div>\n\t\t\t\t<div class=\"elementor-element elementor-element-ae254ea elementor-widget elementor-widget-text-editor\" data-id=\"ae254ea\" data-element_type=\"widget\" data-e-type=\"widget\" data-widget_type=\"text-editor.default\">\n\t\t\t\t<div class=\"elementor-widget-container\">\n\t\t\t\t\t\t\t\t\tWe equip your small batch with the same batch con\u00adsis\u00adtency and deli\u00advery relia\u00adbi\u00adlity typi\u00adcally asso\u00adcia\u00adted with large-scale pro\u00adduc\u00adtion. At the same time, you can rely on the same care and dedi\u00adca\u00adtion as for a sin\u00adgle piece. How do we achieve this? We have ever\u00ady\u00adthing in our own hands. Your device is our device.\t\t\t\t\t\t\t\t<\/div>\n\t\t\t\t<\/div>\n\t\t\t\t<\/div>\n\t\t<div class=\"elementor-element elementor-element-ee812bd e-con-full e-flex e-con e-child\" data-id=\"ee812bd\" data-element_type=\"container\" data-e-type=\"container\">\n\t\t\t\t<div class=\"elementor-element elementor-element-aa9fc0b elementor-widget elementor-widget-heading\" data-id=\"aa9fc0b\" data-element_type=\"widget\" data-e-type=\"widget\" data-widget_type=\"heading.default\">\n\t\t\t\t<div class=\"elementor-widget-container\">\n\t\t\t\t\t<h3 class=\"elementor-heading-title elementor-size-default\">Documentation:<\/h3>\t\t\t\t<\/div>\n\t\t\t\t<\/div>\n\t\t\t\t<div class=\"elementor-element elementor-element-c0b169d elementor-widget elementor-widget-text-editor\" data-id=\"c0b169d\" data-element_type=\"widget\" data-e-type=\"widget\" data-widget_type=\"text-editor.default\">\n\t\t\t\t<div class=\"elementor-widget-container\">\n\t\t\t\t\t\t\t\t\tEspe\u00adci\u00adally for pro\u00adto\u00adty\u00adpes, but also for small bat\u00adches, inter\u00adnal and exter\u00adnal docu\u00admen\u00adta\u00adtion is often seen as a neces\u00adsary incon\u00adve\u00adni\u00adence. We are happy to take care of this and turn the docu\u00admen\u00adta\u00adtion of your devices into your com\u00adpe\u00adti\u00adtive advan\u00adtage.\t\t\t\t\t\t\t\t<\/div>\n\t\t\t\t<\/div>\n\t\t\t\t<\/div>\n\t\t<div class=\"elementor-element elementor-element-b9b93a1 e-con-full e-flex e-con e-child\" data-id=\"b9b93a1\" data-element_type=\"container\" data-e-type=\"container\">\n\t\t\t\t<div class=\"elementor-element elementor-element-201e96c elementor-widget elementor-widget-heading\" data-id=\"201e96c\" data-element_type=\"widget\" data-e-type=\"widget\" data-widget_type=\"heading.default\">\n\t\t\t\t<div class=\"elementor-widget-container\">\n\t\t\t\t\t<h3 class=\"elementor-heading-title elementor-size-default\">Service:<\/h3>\t\t\t\t<\/div>\n\t\t\t\t<\/div>\n\t\t\t\t<div class=\"elementor-element elementor-element-59e5d27 elementor-widget elementor-widget-text-editor\" data-id=\"59e5d27\" data-element_type=\"widget\" data-e-type=\"widget\" data-widget_type=\"text-editor.default\">\n\t\t\t\t<div class=\"elementor-widget-container\">\n\t\t\t\t\t\t\t\t\tAre you plan\u00adning to deli\u00adver your small batch world\u00adwide? For small bat\u00adches, tech\u00adni\u00adcal ser\u00advice is a major chall\u00adenge. But also a major oppor\u00adtu\u00adnity. Par\u00adti\u00adcu\u00adlarly for low-volume devices, cus\u00adto\u00admer satis\u00adfac\u00adtion and after-sales busi\u00adness increase signi\u00adfi\u00adcantly with the qua\u00adlity of tech\u00adni\u00adcal ser\u00advice. We can deli\u00adver that. In your name and for your cus\u00adto\u00admers \u2013 world\u00adwide.\t\t\t\t\t\t\t\t<\/div>\n\t\t\t\t<\/div>\n\t\t\t\t<\/div>\n\t\t\t\t<\/div>\n\t\t\t\t\t<\/div>\n\t\t\t\t<\/div>\n\t\t\t\t<\/div>","protected":false},"excerpt":{"rendered":"<p>Ger\u00e4tebau Steuratech baut keine tausend Ger\u00e4te \u2013 aber eins. Der Maschinenbau ist nicht die Kernkompetenz vieler Unternehmen, die ihre innovativen Verfahren und Techniken als Produkt in die Anwendung bringen m\u00f6chten. Sie ben\u00f6tigen nur 20, 10 oder auch nur ein Ger\u00e4t pro Jahr? Prima! Konzentrieren Sie sich auf Ihre Innovationen und deren Vermarktung. Wir entwickeln und [&hellip;]<\/p>\n","protected":false},"author":1,"featured_media":0,"parent":0,"menu_order":0,"comment_status":"closed","ping_status":"closed","template":"","meta":{"wp_typography_post_enhancements_disabled":false,"footnotes":""},"class_list":["post-54","page","type-page","status-publish","hentry"],"yoast_head":"<!-- This site is optimized with the Yoast SEO plugin v27.6 - https:\/\/yoast.com\/product\/yoast-seo-wordpress\/ -->\n<title>Ger\u00e4tebau - Steuratech.de<\/title>\n<meta name=\"description\" content=\"Wir produzieren Ihre Laborger\u00e4te und Produktionsger\u00e4te. Sie m\u00f6chten Ger\u00e4te vermarkten oder selbst nutzen? Wir produzieren f\u00fcr Sie.\" \/>\n<meta name=\"robots\" content=\"index, follow, max-snippet:-1, max-image-preview:large, max-video-preview:-1\" \/>\n<link rel=\"canonical\" href=\"https:\/\/steuratech.de\/en\/device-manufacturing\/\" \/>\n<meta property=\"og:locale\" content=\"en_GB\" \/>\n<meta property=\"og:type\" content=\"article\" \/>\n<meta property=\"og:title\" content=\"Ger\u00e4tebau - Steuratech.de\" \/>\n<meta property=\"og:description\" content=\"Wir produzieren Ihre Laborger\u00e4te und Produktionsger\u00e4te. Sie m\u00f6chten Ger\u00e4te vermarkten oder selbst nutzen? Wir produzieren f\u00fcr Sie.\" \/>\n<meta property=\"og:url\" content=\"https:\/\/steuratech.de\/en\/device-manufacturing\/\" \/>\n<meta property=\"og:site_name\" content=\"Steuratech.de\" \/>\n<meta property=\"article:modified_time\" content=\"2025-12-16T03:08:55+00:00\" \/>\n<meta property=\"og:image\" content=\"https:\/\/steuratech.de\/wp-content\/uploads\/elementor\/thumbs\/Kameras-work-r5cwo6bbs61461kep2i2hgjovia6bxr175pqx5qmwg.jpg\" \/>\n<meta name=\"twitter:card\" content=\"summary_large_image\" \/>\n<meta name=\"twitter:label1\" content=\"Estimated reading time\" \/>\n\t<meta name=\"twitter:data1\" content=\"2 minutes\" \/>\n<script type=\"application\/ld+json\" class=\"yoast-schema-graph\">{\"@context\":\"https:\\\/\\\/schema.org\",\"@graph\":[{\"@type\":\"WebPage\",\"@id\":\"https:\\\/\\\/steuratech.de\\\/geraetebau\\\/\",\"url\":\"https:\\\/\\\/steuratech.de\\\/geraetebau\\\/\",\"name\":\"Ger\u00e4tebau - Steuratech.de\",\"isPartOf\":{\"@id\":\"https:\\\/\\\/steuratech.de\\\/de\\\/#website\"},\"primaryImageOfPage\":{\"@id\":\"https:\\\/\\\/steuratech.de\\\/geraetebau\\\/#primaryimage\"},\"image\":{\"@id\":\"https:\\\/\\\/steuratech.de\\\/geraetebau\\\/#primaryimage\"},\"thumbnailUrl\":\"https:\\\/\\\/steuratech.de\\\/wp-content\\\/uploads\\\/elementor\\\/thumbs\\\/Kameras-work-r5cwo6bbs61461kep2i2hgjovia6bxr175pqx5qmwg.jpg\",\"datePublished\":\"2023-10-20T15:35:56+00:00\",\"dateModified\":\"2025-12-16T03:08:55+00:00\",\"description\":\"Wir produzieren Ihre Laborger\u00e4te und Produktionsger\u00e4te. Sie m\u00f6chten Ger\u00e4te vermarkten oder selbst nutzen? Wir produzieren f\u00fcr Sie.\",\"breadcrumb\":{\"@id\":\"https:\\\/\\\/steuratech.de\\\/geraetebau\\\/#breadcrumb\"},\"inLanguage\":\"en-GB\",\"potentialAction\":[{\"@type\":\"ReadAction\",\"target\":[\"https:\\\/\\\/steuratech.de\\\/geraetebau\\\/\"]}]},{\"@type\":\"ImageObject\",\"inLanguage\":\"en-GB\",\"@id\":\"https:\\\/\\\/steuratech.de\\\/geraetebau\\\/#primaryimage\",\"url\":\"https:\\\/\\\/steuratech.de\\\/wp-content\\\/uploads\\\/elementor\\\/thumbs\\\/Kameras-work-r5cwo6bbs61461kep2i2hgjovia6bxr175pqx5qmwg.jpg\",\"contentUrl\":\"https:\\\/\\\/steuratech.de\\\/wp-content\\\/uploads\\\/elementor\\\/thumbs\\\/Kameras-work-r5cwo6bbs61461kep2i2hgjovia6bxr175pqx5qmwg.jpg\"},{\"@type\":\"BreadcrumbList\",\"@id\":\"https:\\\/\\\/steuratech.de\\\/geraetebau\\\/#breadcrumb\",\"itemListElement\":[{\"@type\":\"ListItem\",\"position\":1,\"name\":\"Startseite\",\"item\":\"https:\\\/\\\/steuratech.de\\\/\"},{\"@type\":\"ListItem\",\"position\":2,\"name\":\"Ger\u00e4tebau\"}]},{\"@type\":\"WebSite\",\"@id\":\"https:\\\/\\\/steuratech.de\\\/de\\\/#website\",\"url\":\"https:\\\/\\\/steuratech.de\\\/de\\\/\",\"name\":\"Steuratech.de\",\"description\":\"Ger&auml;tebau f&uuml;r Prototypen und Kleinserien\",\"publisher\":{\"@id\":\"https:\\\/\\\/steuratech.de\\\/de\\\/#organization\"},\"potentialAction\":[{\"@type\":\"SearchAction\",\"target\":{\"@type\":\"EntryPoint\",\"urlTemplate\":\"https:\\\/\\\/steuratech.de\\\/de\\\/?s={search_term_string}\"},\"query-input\":{\"@type\":\"PropertyValueSpecification\",\"valueRequired\":true,\"valueName\":\"search_term_string\"}}],\"inLanguage\":\"en-GB\"},{\"@type\":\"Organization\",\"@id\":\"https:\\\/\\\/steuratech.de\\\/de\\\/#organization\",\"name\":\"Steuratech.de\",\"url\":\"https:\\\/\\\/steuratech.de\\\/de\\\/\",\"logo\":{\"@type\":\"ImageObject\",\"inLanguage\":\"en-GB\",\"@id\":\"https:\\\/\\\/steuratech.de\\\/de\\\/#\\\/schema\\\/logo\\\/image\\\/\",\"url\":\"https:\\\/\\\/steuratech.de\\\/wp-content\\\/uploads\\\/2023\\\/10\\\/Steuratech-Logo.png\",\"contentUrl\":\"https:\\\/\\\/steuratech.de\\\/wp-content\\\/uploads\\\/2023\\\/10\\\/Steuratech-Logo.png\",\"width\":2000,\"height\":400,\"caption\":\"Steuratech.de\"},\"image\":{\"@id\":\"https:\\\/\\\/steuratech.de\\\/de\\\/#\\\/schema\\\/logo\\\/image\\\/\"}}]}<\/script>\n<!-- \/ Yoast SEO plugin. -->","yoast_head_json":{"title":"Device manu\u00adfac\u00adtu\u00adring - Steuratech.de","description":"We pro\u00adduce your labo\u00adra\u00adtory and pro\u00adduc\u00adtion devices. You want to mar\u00adket devices or use them directly? We pro\u00adduce for you.","robots":{"index":"index","follow":"follow","max-snippet":"max-snippet:-1","max-image-preview":"max-image-preview:large","max-video-preview":"max-video-preview:-1"},"canonical":"https:\/\/steuratech.de\/en\/device-manufacturing\/","og_locale":"en_GB","og_type":"article","og_title":"Ger\u00e4tebau - Steuratech.de","og_description":"Wir produzieren Ihre Laborger\u00e4te und Produktionsger\u00e4te. Sie m\u00f6chten Ger\u00e4te vermarkten oder selbst nutzen? Wir produzieren f\u00fcr Sie.","og_url":"https:\/\/steuratech.de\/en\/device-manufacturing\/","og_site_name":"Steuratech.de","article_modified_time":"2025-12-16T03:08:55+00:00","og_image":[{"url":"https:\/\/steuratech.de\/wp-content\/uploads\/elementor\/thumbs\/Kameras-work-r5cwo6bbs61461kep2i2hgjovia6bxr175pqx5qmwg.jpg","type":"","width":"","height":""}],"twitter_card":"summary_large_image","twitter_misc":{"Estimated reading time":"2 minutes"},"schema":{"@context":"https:\/\/schema.org","@graph":[{"@type":"WebPage","@id":"https:\/\/steuratech.de\/geraetebau\/","url":"https:\/\/steuratech.de\/geraetebau\/","name":"Device manu\u00adfac\u00adtu\u00adring - Steuratech.de","isPartOf":{"@id":"https:\/\/steuratech.de\/de\/#website"},"primaryImageOfPage":{"@id":"https:\/\/steuratech.de\/geraetebau\/#primaryimage"},"image":{"@id":"https:\/\/steuratech.de\/geraetebau\/#primaryimage"},"thumbnailUrl":"https:\/\/steuratech.de\/wp-content\/uploads\/elementor\/thumbs\/Kameras-work-r5cwo6bbs61461kep2i2hgjovia6bxr175pqx5qmwg.jpg","datePublished":"2023-10-20T15:35:56+00:00","dateModified":"2025-12-16T03:08:55+00:00","description":"We pro\u00adduce your labo\u00adra\u00adtory and pro\u00adduc\u00adtion devices. You want to mar\u00adket devices or use them directly? We pro\u00adduce for you.","breadcrumb":{"@id":"https:\/\/steuratech.de\/geraetebau\/#breadcrumb"},"inLanguage":"en-GB","potentialAction":[{"@type":"ReadAction","target":["https:\/\/steuratech.de\/geraetebau\/"]}]},{"@type":"ImageObject","inLanguage":"en-GB","@id":"https:\/\/steuratech.de\/geraetebau\/#primaryimage","url":"https:\/\/steuratech.de\/wp-content\/uploads\/elementor\/thumbs\/Kameras-work-r5cwo6bbs61461kep2i2hgjovia6bxr175pqx5qmwg.jpg","contentUrl":"https:\/\/steuratech.de\/wp-content\/uploads\/elementor\/thumbs\/Kameras-work-r5cwo6bbs61461kep2i2hgjovia6bxr175pqx5qmwg.jpg"},{"@type":"BreadcrumbList","@id":"https:\/\/steuratech.de\/geraetebau\/#breadcrumb","itemListElement":[{"@type":"ListItem","position":1,"name":"Startseite","item":"https:\/\/steuratech.de\/"},{"@type":"ListItem","position":2,"name":"Ger\u00e4tebau"}]},{"@type":"WebSite","@id":"https:\/\/steuratech.de\/de\/#website","url":"https:\/\/steuratech.de\/de\/","name":"Steuratech.de","description":"Ger\u00e4\u00adte\u00adbau f\u00fcr Pro\u00adto\u00adty\u00adpen und Klein\u00adse\u00adrien","publisher":{"@id":"https:\/\/steuratech.de\/de\/#organization"},"potentialAction":[{"@type":"SearchAction","target":{"@type":"EntryPoint","urlTemplate":"https:\/\/steuratech.de\/de\/?s={search_term_string}"},"query-input":{"@type":"PropertyValueSpecification","valueRequired":true,"valueName":"search_term_string"}}],"inLanguage":"en-GB"},{"@type":"Organization","@id":"https:\/\/steuratech.de\/de\/#organization","name":"Steuratech.de","url":"https:\/\/steuratech.de\/de\/","logo":{"@type":"ImageObject","inLanguage":"en-GB","@id":"https:\/\/steuratech.de\/de\/#\/schema\/logo\/image\/","url":"https:\/\/steuratech.de\/wp-content\/uploads\/2023\/10\/Steuratech-Logo.png","contentUrl":"https:\/\/steuratech.de\/wp-content\/uploads\/2023\/10\/Steuratech-Logo.png","width":2000,"height":400,"caption":"Steuratech.de"},"image":{"@id":"https:\/\/steuratech.de\/de\/#\/schema\/logo\/image\/"}}]}},"_links":{"self":[{"href":"https:\/\/steuratech.de\/en\/wp-json\/wp\/v2\/pages\/54","targetHints":{"allow":["GET"]}}],"collection":[{"href":"https:\/\/steuratech.de\/en\/wp-json\/wp\/v2\/pages"}],"about":[{"href":"https:\/\/steuratech.de\/en\/wp-json\/wp\/v2\/types\/page"}],"author":[{"embeddable":true,"href":"https:\/\/steuratech.de\/en\/wp-json\/wp\/v2\/users\/1"}],"replies":[{"embeddable":true,"href":"https:\/\/steuratech.de\/en\/wp-json\/wp\/v2\/comments?post=54"}],"version-history":[{"count":166,"href":"https:\/\/steuratech.de\/en\/wp-json\/wp\/v2\/pages\/54\/revisions"}],"predecessor-version":[{"id":1709,"href":"https:\/\/steuratech.de\/en\/wp-json\/wp\/v2\/pages\/54\/revisions\/1709"}],"wp:attachment":[{"href":"https:\/\/steuratech.de\/en\/wp-json\/wp\/v2\/media?parent=54"}],"curies":[{"name":"wp","href":"https:\/\/api.w.org\/{rel}","templated":true}]}}