{"id":51,"date":"2023-10-20T15:35:56","date_gmt":"2023-10-20T15:35:56","guid":{"rendered":"https:\/\/steuratech.de\/ueber-uns\/"},"modified":"2025-12-12T18:10:03","modified_gmt":"2025-12-12T17:10:03","slug":"about-us","status":"publish","type":"page","link":"https:\/\/steuratech.de\/en\/ueber-uns\/","title":{"rendered":"About us"},"content":{"rendered":"<div data-elementor-type=\"wp-page\" data-elementor-id=\"51\" class=\"elementor elementor-51\" data-elementor-post-type=\"page\">\n\t\t\t\t<div class=\"elementor-element elementor-element-fd8a9e7 e-flex e-con-boxed e-con e-parent\" data-id=\"fd8a9e7\" data-element_type=\"container\" data-e-type=\"container\" data-settings=\"{&quot;background_background&quot;:&quot;classic&quot;}\">\n\t\t\t\t\t<div class=\"e-con-inner\">\n\t\t\t\t\t<\/div>\n\t\t\t\t<\/div>\n\t\t<div class=\"elementor-element elementor-element-5a65f9e e-flex e-con-boxed e-con e-parent\" data-id=\"5a65f9e\" data-element_type=\"container\" data-e-type=\"container\">\n\t\t\t\t\t<div class=\"e-con-inner\">\n\t\t\t\t<div class=\"elementor-element elementor-element-5e580a8 elementor-widget elementor-widget-text-editor\" data-id=\"5e580a8\" data-element_type=\"widget\" data-e-type=\"widget\" data-widget_type=\"text-editor.default\">\n\t\t\t\t<div class=\"elementor-widget-container\">\n\t\t\t\t\t\t\t\t\t<h2 style=\"font-family: 'Helvetica Neue Condensed Bold', sans-serif; font-weight: 500; font-size: 54px; line-height: 1.2em; hyphens: none; color: #5c9c30;\"><span class=\"hyphenate\">We are<\/span><\/h2>\t\t\t\t\t\t\t\t<\/div>\n\t\t\t\t<\/div>\n\t\t\t\t<div class=\"elementor-element elementor-element-ea21fca elementor-widget elementor-widget-text-editor\" data-id=\"ea21fca\" data-element_type=\"widget\" data-e-type=\"widget\" data-widget_type=\"text-editor.default\">\n\t\t\t\t<div class=\"elementor-widget-container\">\n\t\t\t\t\t\t\t\t\t<h2 style=\"font-family: 'Helvetica Neue Condensed Bold', sans-serif; font-weight: 500; font-size: 32px; line-height: 1.2em; hyphens: none; color: #707070;\"><span class=\"hyphenate\">focused on your success<\/span><\/h2>\t\t\t\t\t\t\t\t<\/div>\n\t\t\t\t<\/div>\n\t\t\t\t\t<\/div>\n\t\t\t\t<\/div>\n\t\t<div class=\"elementor-element elementor-element-f4be612 e-flex e-con-boxed e-con e-parent\" data-id=\"f4be612\" data-element_type=\"container\" data-e-type=\"container\">\n\t\t\t\t\t<div class=\"e-con-inner\">\n\t\t<div class=\"elementor-element elementor-element-3b53b9a e-con-full e-flex e-con e-child\" data-id=\"3b53b9a\" data-element_type=\"container\" data-e-type=\"container\">\n\t\t\t\t<div class=\"elementor-element elementor-element-98cabde elementor-widget elementor-widget-text-editor\" data-id=\"98cabde\" data-element_type=\"widget\" data-e-type=\"widget\" data-widget_type=\"text-editor.default\">\n\t\t\t\t<div class=\"elementor-widget-container\">\n\t\t\t\t\t\t\t\t\t<p>\u2013 Your pro\u00adject recei\u00adves com\u00adplete machine enginee\u00adring from a sin\u00adgle source<br>\u2013 Your task is always a prio\u00adrity for us<br>\u2013 Your auto\u00adma\u00adtion is not too small for us, it is cru\u00adcial<br>\u2013 Your device is our device<br>\u2013 Your pro\u00adgress does not require mas\u00adsive invest\u00adment<\/p>\t\t\t\t\t\t\t\t<\/div>\n\t\t\t\t<\/div>\n\t\t\t\t<div class=\"elementor-element elementor-element-5224903 elementor-widget elementor-widget-text-editor\" data-id=\"5224903\" data-element_type=\"widget\" data-e-type=\"widget\" data-widget_type=\"text-editor.default\">\n\t\t\t\t<div class=\"elementor-widget-container\">\n\t\t\t\t\t\t\t\t\tWe are\t\t\t\t\t\t\t\t<\/div>\n\t\t\t\t<\/div>\n\t\t\t\t<div class=\"elementor-element elementor-element-be7caf6 elementor-widget elementor-widget-text-editor\" data-id=\"be7caf6\" data-element_type=\"widget\" data-e-type=\"widget\" data-widget_type=\"text-editor.default\">\n\t\t\t\t<div class=\"elementor-widget-container\">\n\t\t\t\t\t\t\t\t\t<p>a family busi\u00adness and have been there for you for over 25 years.<\/p>\t\t\t\t\t\t\t\t<\/div>\n\t\t\t\t<\/div>\n\t\t\t\t<\/div>\n\t\t<div class=\"elementor-element elementor-element-388443f e-con-full e-flex e-con e-child\" data-id=\"388443f\" data-element_type=\"container\" data-e-type=\"container\">\n\t\t\t\t<div class=\"elementor-element elementor-element-afc9d71 elementor-widget elementor-widget-image\" data-id=\"afc9d71\" data-element_type=\"widget\" data-e-type=\"widget\" data-no-translation data-widget_type=\"image.default\">\n\t\t\t\t<div class=\"elementor-widget-container\">\n\t\t\t\t\t<style>.elementor-element-afc9d71{display:none !important}<\/style>\t\t\t\t<\/div>\n\t\t\t\t<\/div>\n\t\t\t\t<div class=\"elementor-element elementor-element-c210558 elementor-widget elementor-widget-image\" data-id=\"c210558\" data-element_type=\"widget\" data-e-type=\"widget\" data-no-translation data-widget_type=\"image.default\">\n\t\t\t\t<div class=\"elementor-widget-container\">\n\t\t\t\t\t\t\t\t\t\t\t\t\t\t\t<img fetchpriority=\"high\" decoding=\"async\" width=\"450\" height=\"450\" src=\"https:\/\/steuratech.de\/wp-content\/uploads\/2025\/01\/Pokal-englisch-e1749463086434.jpg\" class=\"attachment-large size-large wp-image-957\" alt srcset=\"https:\/\/steuratech.de\/wp-content\/uploads\/2025\/01\/Pokal-englisch-e1749463086434.jpg 450w, https:\/\/steuratech.de\/wp-content\/uploads\/2025\/01\/Pokal-englisch-e1749463086434-300x300.jpg 300w, https:\/\/steuratech.de\/wp-content\/uploads\/2025\/01\/Pokal-englisch-e1749463086434-150x150.jpg 150w, https:\/\/steuratech.de\/wp-content\/uploads\/2025\/01\/Pokal-englisch-e1749463086434-12x12.jpg 12w\" sizes=\"(max-width: 450px) 100vw, 450px\">\t\t\t\t\t\t\t\t\t\t\t\t\t\t\t<\/div>\n\t\t\t\t<\/div>\n\t\t\t\t<div class=\"elementor-element elementor-element-5c70adb elementor-widget elementor-widget-text-editor\" data-id=\"5c70adb\" data-element_type=\"widget\" data-e-type=\"widget\" data-widget_type=\"text-editor.default\">\n\t\t\t\t<div class=\"elementor-widget-container\">\n\t\t\t\t\t\t\t\t\t<div>Excel\u00adlent from the begin\u00adning. In 2003, Steu\u00adra\u00adtech was hono\u00adu\u00adred as Com\u00adpany of the Year in the cate\u00adgory StartUp with the Wup\u00adper\u00adtal Busi\u00adness Award.<\/div>\t\t\t\t\t\t\t\t<\/div>\n\t\t\t\t<\/div>\n\t\t\t\t<\/div>\n\t\t\t\t\t<\/div>\n\t\t\t\t<\/div>\n\t\t\t\t<\/div>","protected":false},"excerpt":{"rendered":"<p>Wir sind fokussiert auf Ihren Erfolg &#8211; Ihr Projekt erh\u00e4lt den kompletten Maschinenbau aus unserer Hand&#8211; Ihre Aufgabe erh\u00e4lt bei uns immer Priorit\u00e4t&#8211; Ihre Automation ist f\u00fcr uns nicht zu klein, sondern entscheidend&#8211; Ihr Ger\u00e4t ist unser Ger\u00e4t&#8211; Ihre Fortschritte brauchen kein massives Investment Wir sind ein Familienunternehmen und seit \u00fcber 25 Jahren f\u00fcr Sie [&hellip;]<\/p>\n","protected":false},"author":1,"featured_media":0,"parent":0,"menu_order":0,"comment_status":"closed","ping_status":"closed","template":"","meta":{"wp_typography_post_enhancements_disabled":false,"footnotes":""},"class_list":["post-51","page","type-page","status-publish","hentry"],"yoast_head":"<!-- This site is optimized with the Yoast SEO plugin v27.5 - https:\/\/yoast.com\/product\/yoast-seo-wordpress\/ -->\n<title>\u00dcber uns - Steuratech.de<\/title>\n<meta name=\"description\" content=\"Steuratech ist Ihr OEM-Partner f\u00fcr mechatronische Ger\u00e4te. Erfahren Sie mehr \u00fcber die Philosophie und die Qualit\u00e4tsanspr\u00fcche von Steuratech.\" \/>\n<meta name=\"robots\" content=\"index, follow, max-snippet:-1, max-image-preview:large, max-video-preview:-1\" \/>\n<link rel=\"canonical\" href=\"https:\/\/steuratech.de\/en\/about-us\/\" \/>\n<meta property=\"og:locale\" content=\"en_GB\" \/>\n<meta property=\"og:type\" content=\"article\" \/>\n<meta property=\"og:title\" content=\"\u00dcber uns - Steuratech.de\" \/>\n<meta property=\"og:description\" content=\"Steuratech ist Ihr OEM-Partner f\u00fcr mechatronische Ger\u00e4te. Erfahren Sie mehr \u00fcber die Philosophie und die Qualit\u00e4tsanspr\u00fcche von Steuratech.\" \/>\n<meta property=\"og:url\" content=\"https:\/\/steuratech.de\/en\/about-us\/\" \/>\n<meta property=\"og:site_name\" content=\"Steuratech.de\" \/>\n<meta property=\"article:modified_time\" content=\"2025-12-12T17:10:03+00:00\" \/>\n<meta property=\"og:image\" content=\"https:\/\/steuratech.de\/wp-content\/uploads\/2025\/01\/Pokal-e1749463015368.jpg\" \/>\n\t<meta property=\"og:image:width\" content=\"447\" \/>\n\t<meta property=\"og:image:height\" content=\"447\" \/>\n\t<meta property=\"og:image:type\" content=\"image\/jpeg\" \/>\n<meta name=\"twitter:card\" content=\"summary_large_image\" \/>\n<meta name=\"twitter:label1\" content=\"Estimated reading time\" \/>\n\t<meta name=\"twitter:data1\" content=\"1 minute\" \/>\n<script type=\"application\/ld+json\" class=\"yoast-schema-graph\">{\"@context\":\"https:\\\/\\\/schema.org\",\"@graph\":[{\"@type\":\"WebPage\",\"@id\":\"https:\\\/\\\/steuratech.de\\\/ueber-uns\\\/\",\"url\":\"https:\\\/\\\/steuratech.de\\\/ueber-uns\\\/\",\"name\":\"\u00dcber uns - Steuratech.de\",\"isPartOf\":{\"@id\":\"https:\\\/\\\/steuratech.de\\\/de\\\/#website\"},\"primaryImageOfPage\":{\"@id\":\"https:\\\/\\\/steuratech.de\\\/ueber-uns\\\/#primaryimage\"},\"image\":{\"@id\":\"https:\\\/\\\/steuratech.de\\\/ueber-uns\\\/#primaryimage\"},\"thumbnailUrl\":\"https:\\\/\\\/steuratech.de\\\/wp-content\\\/uploads\\\/2025\\\/01\\\/Pokal-e1749463015368.jpg\",\"datePublished\":\"2023-10-20T15:35:56+00:00\",\"dateModified\":\"2025-12-12T17:10:03+00:00\",\"description\":\"Steuratech ist Ihr OEM-Partner f\u00fcr mechatronische Ger\u00e4te. Erfahren Sie mehr \u00fcber die Philosophie und die Qualit\u00e4tsanspr\u00fcche von Steuratech.\",\"breadcrumb\":{\"@id\":\"https:\\\/\\\/steuratech.de\\\/ueber-uns\\\/#breadcrumb\"},\"inLanguage\":\"en-GB\",\"potentialAction\":[{\"@type\":\"ReadAction\",\"target\":[\"https:\\\/\\\/steuratech.de\\\/ueber-uns\\\/\"]}]},{\"@type\":\"ImageObject\",\"inLanguage\":\"en-GB\",\"@id\":\"https:\\\/\\\/steuratech.de\\\/ueber-uns\\\/#primaryimage\",\"url\":\"https:\\\/\\\/steuratech.de\\\/wp-content\\\/uploads\\\/2025\\\/01\\\/Pokal-e1749463015368.jpg\",\"contentUrl\":\"https:\\\/\\\/steuratech.de\\\/wp-content\\\/uploads\\\/2025\\\/01\\\/Pokal-e1749463015368.jpg\"},{\"@type\":\"BreadcrumbList\",\"@id\":\"https:\\\/\\\/steuratech.de\\\/ueber-uns\\\/#breadcrumb\",\"itemListElement\":[{\"@type\":\"ListItem\",\"position\":1,\"name\":\"Startseite\",\"item\":\"https:\\\/\\\/steuratech.de\\\/\"},{\"@type\":\"ListItem\",\"position\":2,\"name\":\"\u00dcber uns\"}]},{\"@type\":\"WebSite\",\"@id\":\"https:\\\/\\\/steuratech.de\\\/de\\\/#website\",\"url\":\"https:\\\/\\\/steuratech.de\\\/de\\\/\",\"name\":\"Steuratech.de\",\"description\":\"Ger&auml;tebau f&uuml;r Prototypen und Kleinserien\",\"publisher\":{\"@id\":\"https:\\\/\\\/steuratech.de\\\/de\\\/#organization\"},\"potentialAction\":[{\"@type\":\"SearchAction\",\"target\":{\"@type\":\"EntryPoint\",\"urlTemplate\":\"https:\\\/\\\/steuratech.de\\\/de\\\/?s={search_term_string}\"},\"query-input\":{\"@type\":\"PropertyValueSpecification\",\"valueRequired\":true,\"valueName\":\"search_term_string\"}}],\"inLanguage\":\"en-GB\"},{\"@type\":\"Organization\",\"@id\":\"https:\\\/\\\/steuratech.de\\\/de\\\/#organization\",\"name\":\"Steuratech.de\",\"url\":\"https:\\\/\\\/steuratech.de\\\/de\\\/\",\"logo\":{\"@type\":\"ImageObject\",\"inLanguage\":\"en-GB\",\"@id\":\"https:\\\/\\\/steuratech.de\\\/de\\\/#\\\/schema\\\/logo\\\/image\\\/\",\"url\":\"https:\\\/\\\/steuratech.de\\\/wp-content\\\/uploads\\\/2023\\\/10\\\/Steuratech-Logo.png\",\"contentUrl\":\"https:\\\/\\\/steuratech.de\\\/wp-content\\\/uploads\\\/2023\\\/10\\\/Steuratech-Logo.png\",\"width\":2000,\"height\":400,\"caption\":\"Steuratech.de\"},\"image\":{\"@id\":\"https:\\\/\\\/steuratech.de\\\/de\\\/#\\\/schema\\\/logo\\\/image\\\/\"}}]}<\/script>\n<!-- \/ Yoast SEO plugin. -->","yoast_head_json":{"title":"About us - Steuratech.de","description":"Steu\u00adra\u00adtech is your OEM-Part\u00adner for mecha\u00adtro\u00adnic devices. Learn more about the phi\u00adlo\u00adso\u00adphy and qua\u00adlity stan\u00addards of Steu\u00adra\u00adtech.","robots":{"index":"index","follow":"follow","max-snippet":"max-snippet:-1","max-image-preview":"max-image-preview:large","max-video-preview":"max-video-preview:-1"},"canonical":"https:\/\/steuratech.de\/en\/about-us\/","og_locale":"en_GB","og_type":"article","og_title":"\u00dcber uns - Steuratech.de","og_description":"Steuratech ist Ihr OEM-Partner f\u00fcr mechatronische Ger\u00e4te. Erfahren Sie mehr \u00fcber die Philosophie und die Qualit\u00e4tsanspr\u00fcche von Steuratech.","og_url":"https:\/\/steuratech.de\/en\/about-us\/","og_site_name":"Steuratech.de","article_modified_time":"2025-12-12T17:10:03+00:00","og_image":[{"width":447,"height":447,"url":"https:\/\/steuratech.de\/wp-content\/uploads\/2025\/01\/Pokal-e1749463015368.jpg","type":"image\/jpeg"}],"twitter_card":"summary_large_image","twitter_misc":{"Estimated reading time":"1 minute"},"schema":{"@context":"https:\/\/schema.org","@graph":[{"@type":"WebPage","@id":"https:\/\/steuratech.de\/ueber-uns\/","url":"https:\/\/steuratech.de\/ueber-uns\/","name":"About us - Steuratech.de","isPartOf":{"@id":"https:\/\/steuratech.de\/de\/#website"},"primaryImageOfPage":{"@id":"https:\/\/steuratech.de\/ueber-uns\/#primaryimage"},"image":{"@id":"https:\/\/steuratech.de\/ueber-uns\/#primaryimage"},"thumbnailUrl":"https:\/\/steuratech.de\/wp-content\/uploads\/2025\/01\/Pokal-e1749463015368.jpg","datePublished":"2023-10-20T15:35:56+00:00","dateModified":"2025-12-12T17:10:03+00:00","description":"Steu\u00adra\u00adtech is your OEM-Part\u00adner for mecha\u00adtro\u00adnic devices. Learn more about the phi\u00adlo\u00adso\u00adphy and qua\u00adlity stan\u00addards of Steu\u00adra\u00adtech.","breadcrumb":{"@id":"https:\/\/steuratech.de\/ueber-uns\/#breadcrumb"},"inLanguage":"en-GB","potentialAction":[{"@type":"ReadAction","target":["https:\/\/steuratech.de\/ueber-uns\/"]}]},{"@type":"ImageObject","inLanguage":"en-GB","@id":"https:\/\/steuratech.de\/ueber-uns\/#primaryimage","url":"https:\/\/steuratech.de\/wp-content\/uploads\/2025\/01\/Pokal-e1749463015368.jpg","contentUrl":"https:\/\/steuratech.de\/wp-content\/uploads\/2025\/01\/Pokal-e1749463015368.jpg"},{"@type":"BreadcrumbList","@id":"https:\/\/steuratech.de\/ueber-uns\/#breadcrumb","itemListElement":[{"@type":"ListItem","position":1,"name":"Startseite","item":"https:\/\/steuratech.de\/"},{"@type":"ListItem","position":2,"name":"\u00dcber uns"}]},{"@type":"WebSite","@id":"https:\/\/steuratech.de\/de\/#website","url":"https:\/\/steuratech.de\/de\/","name":"Steuratech.de","description":"Ger\u00e4\u00adte\u00adbau f\u00fcr Pro\u00adto\u00adty\u00adpen und Klein\u00adse\u00adrien","publisher":{"@id":"https:\/\/steuratech.de\/de\/#organization"},"potentialAction":[{"@type":"SearchAction","target":{"@type":"EntryPoint","urlTemplate":"https:\/\/steuratech.de\/de\/?s={search_term_string}"},"query-input":{"@type":"PropertyValueSpecification","valueRequired":true,"valueName":"search_term_string"}}],"inLanguage":"en-GB"},{"@type":"Organization","@id":"https:\/\/steuratech.de\/de\/#organization","name":"Steuratech.de","url":"https:\/\/steuratech.de\/de\/","logo":{"@type":"ImageObject","inLanguage":"en-GB","@id":"https:\/\/steuratech.de\/de\/#\/schema\/logo\/image\/","url":"https:\/\/steuratech.de\/wp-content\/uploads\/2023\/10\/Steuratech-Logo.png","contentUrl":"https:\/\/steuratech.de\/wp-content\/uploads\/2023\/10\/Steuratech-Logo.png","width":2000,"height":400,"caption":"Steuratech.de"},"image":{"@id":"https:\/\/steuratech.de\/de\/#\/schema\/logo\/image\/"}}]}},"_links":{"self":[{"href":"https:\/\/steuratech.de\/en\/wp-json\/wp\/v2\/pages\/51","targetHints":{"allow":["GET"]}}],"collection":[{"href":"https:\/\/steuratech.de\/en\/wp-json\/wp\/v2\/pages"}],"about":[{"href":"https:\/\/steuratech.de\/en\/wp-json\/wp\/v2\/types\/page"}],"author":[{"embeddable":true,"href":"https:\/\/steuratech.de\/en\/wp-json\/wp\/v2\/users\/1"}],"replies":[{"embeddable":true,"href":"https:\/\/steuratech.de\/en\/wp-json\/wp\/v2\/comments?post=51"}],"version-history":[{"count":104,"href":"https:\/\/steuratech.de\/en\/wp-json\/wp\/v2\/pages\/51\/revisions"}],"predecessor-version":[{"id":1656,"href":"https:\/\/steuratech.de\/en\/wp-json\/wp\/v2\/pages\/51\/revisions\/1656"}],"wp:attachment":[{"href":"https:\/\/steuratech.de\/en\/wp-json\/wp\/v2\/media?parent=51"}],"curies":[{"name":"wp","href":"https:\/\/api.w.org\/{rel}","templated":true}]}}