{"id":45,"date":"2023-10-20T15:35:56","date_gmt":"2023-10-20T15:35:56","guid":{"rendered":"https:\/\/steuratech.de\/montageservice\/"},"modified":"2025-12-16T04:19:46","modified_gmt":"2025-12-16T03:19:46","slug":"production-equipment","status":"publish","type":"page","link":"https:\/\/steuratech.de\/en\/betriebsmittelbau\/","title":{"rendered":"Pro\u00adduc\u00adtion Equip\u00adment Enginee\u00adring"},"content":{"rendered":"<div data-elementor-type=\"wp-page\" data-elementor-id=\"45\" class=\"elementor elementor-45\" data-elementor-post-type=\"page\">\n\t\t\t\t<div class=\"elementor-element elementor-element-0d522da e-flex e-con-boxed e-con e-parent\" data-id=\"0d522da\" data-element_type=\"container\" data-e-type=\"container\" data-settings=\"{&quot;background_background&quot;:&quot;classic&quot;}\">\n\t\t\t\t\t<div class=\"e-con-inner\">\n\t\t\t\t\t<\/div>\n\t\t\t\t<\/div>\n\t\t<div class=\"elementor-element elementor-element-765be45 e-flex e-con-boxed e-con e-parent\" data-id=\"765be45\" data-element_type=\"container\" data-e-type=\"container\">\n\t\t\t\t\t<div class=\"e-con-inner\">\n\t\t\t\t<div class=\"elementor-element elementor-element-8fb2830 elementor-hidden-mobile elementor-widget elementor-widget-text-editor\" data-id=\"8fb2830\" data-element_type=\"widget\" data-e-type=\"widget\" data-widget_type=\"text-editor.default\">\n\t\t\t\t<div class=\"elementor-widget-container\">\n\t\t\t\t\t\t\t\t\t<h1 style=\"font-family: 'Helvetica Neue Condensed Bold', sans-serif; font-weight: 500; font-size: 54px; hyphens: none; color: #5c9c30;\">Production Equipment Engineering<\/h1>\t\t\t\t\t\t\t\t<\/div>\n\t\t\t\t<\/div>\n\t\t\t\t<div class=\"elementor-element elementor-element-0a32e86 elementor-hidden-desktop elementor-hidden-tablet elementor-widget elementor-widget-text-editor\" data-id=\"0a32e86\" data-element_type=\"widget\" data-e-type=\"widget\" data-widget_type=\"text-editor.default\">\n\t\t\t\t<div class=\"elementor-widget-container\">\n\t\t\t\t\t\t\t\t\t<h1 style=\"font-family: 'Helvetica Neue Condensed Bold', sans-serif; font-weight: 500; font-size: 54px; line-height: 1.2em; hyphens: none; color: #5c9c30;\"><span class=\"hyphenate\">Production Equipment Engineering<\/span>\n<\/h1>\t\t\t\t\t\t\t\t<\/div>\n\t\t\t\t<\/div>\n\t\t<div class=\"elementor-element elementor-element-f5bda25 e-grid e-con-full e-con e-child\" data-id=\"f5bda25\" data-element_type=\"container\" data-e-type=\"container\">\n\t\t<div class=\"elementor-element elementor-element-c14ba87 e-con-full e-flex e-con e-child\" data-id=\"c14ba87\" data-element_type=\"container\" data-e-type=\"container\">\n\t\t\t\t<div class=\"elementor-element elementor-element-1f5a7ba elementor-widget elementor-widget-text-editor\" data-id=\"1f5a7ba\" data-element_type=\"widget\" data-e-type=\"widget\" data-widget_type=\"text-editor.default\">\n\t\t\t\t<div class=\"elementor-widget-container\">\n\t\t\t\t\t\t\t\t\t<p>Steu\u00adra\u00adtech is not a glo\u00adbal player \u2013 but part of your team.<\/p><p>Is your pro\u00adject too small for the large play\u00aders in spe\u00adcial-pur\u00adpose machi\u00adnery? For us, it\u2019s exactly the right size. We focus enti\u00adrely on small, cus\u00adtom auto\u00adma\u00adti\u00adons, fix\u00adtures, and gau\u00adges that enable major impro\u00adve\u00adments in your manu\u00adfac\u00adtu\u00adring pro\u00adces\u00adses. Small does not mean less com\u00adplex. We pro\u00advide pre\u00adcise, effi\u00adci\u00adent enginee\u00adring and com\u00admis\u00adsion the solu\u00adti\u00adons tog\u00ade\u00adther with you.<\/p><p>Your pro\u00adject mat\u00adters. To you and to us.<\/p>\t\t\t\t\t\t\t\t<\/div>\n\t\t\t\t<\/div>\n\t\t\t\t<div class=\"elementor-element elementor-element-e4c1cfa elementor-mobile-align-justify elementor-widget elementor-widget-button\" data-id=\"e4c1cfa\" data-element_type=\"widget\" data-e-type=\"widget\" data-widget_type=\"button.default\">\n\t\t\t\t<div class=\"elementor-widget-container\">\n\t\t\t\t\t\t\t\t\t<div class=\"elementor-button-wrapper\">\n\t\t\t\t\t<a class=\"elementor-button elementor-button-link elementor-size-sm\" href=\"https:\/\/steuratech.de\/en\/contact\/\">\n\t\t\t\t\t\t<span class=\"elementor-button-content-wrapper\">\n\t\t\t\t\t\t\t\t\t<span class=\"elementor-button-text\">Cont\u00adact us<\/span>\n\t\t\t\t\t<\/span>\n\t\t\t\t\t<\/a>\n\t\t\t\t<\/div>\n\t\t\t\t\t\t\t\t<\/div>\n\t\t\t\t<\/div>\n\t\t\t\t<\/div>\n\t\t\t\t<div class=\"elementor-element elementor-element-14be574 elementor-hidden-mobile elementor-widget elementor-widget-image\" data-id=\"14be574\" data-element_type=\"widget\" data-e-type=\"widget\" data-widget_type=\"image.default\">\n\t\t\t\t<div class=\"elementor-widget-container\">\n\t\t\t\t\t\t\t\t\t\t\t\t\t\t\t<img fetchpriority=\"high\" decoding=\"async\" width=\"800\" height=\"602\" src=\"https:\/\/steuratech.de\/wp-content\/uploads\/2025\/12\/betriebsmittel-up-sw-1024x770.jpg\" class=\"attachment-large size-large wp-image-1727\" alt srcset=\"https:\/\/steuratech.de\/wp-content\/uploads\/2025\/12\/betriebsmittel-up-sw-1024x770.jpg 1024w, https:\/\/steuratech.de\/wp-content\/uploads\/2025\/12\/betriebsmittel-up-sw-300x226.jpg 300w, https:\/\/steuratech.de\/wp-content\/uploads\/2025\/12\/betriebsmittel-up-sw-768x578.jpg 768w, https:\/\/steuratech.de\/wp-content\/uploads\/2025\/12\/betriebsmittel-up-sw-1536x1155.jpg 1536w, https:\/\/steuratech.de\/wp-content\/uploads\/2025\/12\/betriebsmittel-up-sw-16x12.jpg 16w, https:\/\/steuratech.de\/wp-content\/uploads\/2025\/12\/betriebsmittel-up-sw.jpg 1718w\" sizes=\"(max-width: 800px) 100vw, 800px\">\t\t\t\t\t\t\t\t\t\t\t\t\t\t\t<\/div>\n\t\t\t\t<\/div>\n\t\t\t\t<\/div>\n\t\t\t\t\t<\/div>\n\t\t\t\t<\/div>\n\t\t<div class=\"elementor-element elementor-element-3aa08c2 elementor-hidden-desktop elementor-hidden-tablet e-flex e-con-boxed e-con e-parent\" data-id=\"3aa08c2\" data-element_type=\"container\" data-e-type=\"container\" data-settings=\"{&quot;background_background&quot;:&quot;classic&quot;}\">\n\t\t\t\t\t<div class=\"e-con-inner\">\n\t\t\t\t\t<\/div>\n\t\t\t\t<\/div>\n\t\t<div class=\"elementor-element elementor-element-eda470e e-flex e-con-boxed e-con e-parent\" data-id=\"eda470e\" data-element_type=\"container\" data-e-type=\"container\" data-settings=\"{&quot;background_background&quot;:&quot;classic&quot;}\">\n\t\t\t\t\t<div class=\"e-con-inner\">\n\t\t\t\t<div class=\"elementor-element elementor-element-4be1056 elementor-widget elementor-widget-heading\" data-id=\"4be1056\" data-element_type=\"widget\" data-e-type=\"widget\" data-widget_type=\"heading.default\">\n\t\t\t\t<div class=\"elementor-widget-container\">\n\t\t\t\t\t<h2 class=\"elementor-heading-title elementor-size-default\">Our Services<\/h2>\t\t\t\t<\/div>\n\t\t\t\t<\/div>\n\t\t<div class=\"elementor-element elementor-element-e4ca60a e-grid e-con-full e-con e-child\" data-id=\"e4ca60a\" data-element_type=\"container\" data-e-type=\"container\">\n\t\t<div class=\"elementor-element elementor-element-cb5acd0 e-con-full e-flex e-con e-child\" data-id=\"cb5acd0\" data-element_type=\"container\" data-e-type=\"container\">\n\t\t\t\t<div class=\"elementor-element elementor-element-f67421d elementor-widget elementor-widget-heading\" data-id=\"f67421d\" data-element_type=\"widget\" data-e-type=\"widget\" data-widget_type=\"heading.default\">\n\t\t\t\t<div class=\"elementor-widget-container\">\n\t\t\t\t\t<h3 class=\"elementor-heading-title elementor-size-default\">Automation:<\/h3>\t\t\t\t<\/div>\n\t\t\t\t<\/div>\n\t\t\t\t<div class=\"elementor-element elementor-element-b2edfd2 elementor-widget elementor-widget-text-editor\" data-id=\"b2edfd2\" data-element_type=\"widget\" data-e-type=\"widget\" data-widget_type=\"text-editor.default\">\n\t\t\t\t<div class=\"elementor-widget-container\">\n\t\t\t\t\t\t\t\t\tAuto\u00adma\u00adting manu\u00adfac\u00adtu\u00adring pro\u00adces\u00adses can be com\u00adplex and expen\u00adsive. But it doesn\u2019t have to be. We spe\u00adcia\u00adlize in clo\u00adsing the gaps in your pro\u00adduc\u00adtion that large spe\u00adcial-pur\u00adpose machine buil\u00adders pre\u00adfer to avoid. If your solu\u00adtion is available as an off-the-shelf pro\u00adduct, you should buy it. If your solu\u00adtion costs more than \u20ac200,000, you should work with a large spe\u00adcial-pur\u00adpose machi\u00adnery manu\u00adfac\u00adtu\u00adrer. For ever\u00ady\u00adthing in bet\u00adween, we are your part\u00adner.\t\t\t\t\t\t\t\t<\/div>\n\t\t\t\t<\/div>\n\t\t\t\t<\/div>\n\t\t<div class=\"elementor-element elementor-element-d4d98d0 e-con-full e-flex e-con e-child\" data-id=\"d4d98d0\" data-element_type=\"container\" data-e-type=\"container\">\n\t\t\t\t<div class=\"elementor-element elementor-element-a9de804 elementor-widget elementor-widget-heading\" data-id=\"a9de804\" data-element_type=\"widget\" data-e-type=\"widget\" data-widget_type=\"heading.default\">\n\t\t\t\t<div class=\"elementor-widget-container\">\n\t\t\t\t\t<h3 class=\"elementor-heading-title elementor-size-default\">Assembly Fixtures:<\/h3>\t\t\t\t<\/div>\n\t\t\t\t<\/div>\n\t\t\t\t<div class=\"elementor-element elementor-element-61f63df elementor-widget elementor-widget-text-editor\" data-id=\"61f63df\" data-element_type=\"widget\" data-e-type=\"widget\" data-widget_type=\"text-editor.default\">\n\t\t\t\t<div class=\"elementor-widget-container\">\n\t\t\t\t\t\t\t\t\t<div>Many assem\u00adbly tasks do not require or jus\u00adtify full auto\u00adma\u00adtion. Take advan\u00adtage of manual fix\u00adtures or semi-auto\u00adma\u00adted solu\u00adti\u00adons to signi\u00adfi\u00adcantly improve your pro\u00adduc\u00adtion. The sin\u00adgle-part fee\u00adding of com\u00adpon\u00adents increa\u00adses effi\u00adci\u00adency. The cor\u00adrectly ori\u00aden\u00adted and posi\u00adtio\u00adned part pro\u00advi\u00adsio\u00adning impro\u00adves qua\u00adlity. We pro\u00advide full enginee\u00adring sup\u00adport for the small step that makes the dif\u00adfe\u00adrence.<\/div>\t\t\t\t\t\t\t\t<\/div>\n\t\t\t\t<\/div>\n\t\t\t\t<\/div>\n\t\t<div class=\"elementor-element elementor-element-daf079b e-con-full e-flex e-con e-child\" data-id=\"daf079b\" data-element_type=\"container\" data-e-type=\"container\">\n\t\t\t\t<div class=\"elementor-element elementor-element-792a7b3 elementor-widget elementor-widget-heading\" data-id=\"792a7b3\" data-element_type=\"widget\" data-e-type=\"widget\" data-widget_type=\"heading.default\">\n\t\t\t\t<div class=\"elementor-widget-container\">\n\t\t\t\t\t<h3 class=\"elementor-heading-title elementor-size-default\">Testing Fixtures:<\/h3>\t\t\t\t<\/div>\n\t\t\t\t<\/div>\n\t\t\t\t<div class=\"elementor-element elementor-element-818d660 elementor-widget elementor-widget-text-editor\" data-id=\"818d660\" data-element_type=\"widget\" data-e-type=\"widget\" data-widget_type=\"text-editor.default\">\n\t\t\t\t<div class=\"elementor-widget-container\">\n\t\t\t\t\t\t\t\t\tSome\u00adti\u00admes it\u2019s worth kno\u00adwing at exactly what tor\u00adque a safety clutch actually dis\u00aden\u00adga\u00adges, or at what axial force a pin beg\u00adins to slip. If you curr\u00adently mea\u00adsure vis\u00adco\u00adsity, coa\u00adting thic\u00adk\u00adness, solid objects, or simi\u00adlar pro\u00adper\u00adties using manual devices, we are happy to inte\u00adgrate these mea\u00adsu\u00adre\u00adments fully or semi-auto\u00adma\u00adti\u00adcally into your pro\u00adcess chain.\t\t\t\t\t\t\t\t<\/div>\n\t\t\t\t<\/div>\n\t\t\t\t<\/div>\n\t\t<div class=\"elementor-element elementor-element-69a6050 e-con-full e-flex e-con e-child\" data-id=\"69a6050\" data-element_type=\"container\" data-e-type=\"container\">\n\t\t\t\t<div class=\"elementor-element elementor-element-f5398e2 elementor-widget elementor-widget-heading\" data-id=\"f5398e2\" data-element_type=\"widget\" data-e-type=\"widget\" data-widget_type=\"heading.default\">\n\t\t\t\t<div class=\"elementor-widget-container\">\n\t\t\t\t\t<h3 class=\"elementor-heading-title elementor-size-default\">Clamping Fixtures:<\/h3>\t\t\t\t<\/div>\n\t\t\t\t<\/div>\n\t\t\t\t<div class=\"elementor-element elementor-element-00931e6 elementor-widget elementor-widget-text-editor\" data-id=\"00931e6\" data-element_type=\"widget\" data-e-type=\"widget\" data-widget_type=\"text-editor.default\">\n\t\t\t\t<div class=\"elementor-widget-container\">\n\t\t\t\t\t\t\t\t\tWhe\u00adther for machi\u00adning ope\u00adra\u00adti\u00adons, clam\u00adping sheet metal parts in a wel\u00adding cell, or repeata\u00adble, accu\u00adrate fix\u00adtu\u00adring of com\u00adpon\u00adents in a mea\u00adsu\u00adring machine \u2013 the right clam\u00adping fix\u00adture is the foun\u00adda\u00adtion of a good result. When\u00adever one or more com\u00adpon\u00adents need to be secu\u00adrely clam\u00adped and pre\u00adcis\u00adely ali\u00adgned, we are your first point of cont\u00adact.\t\t\t\t\t\t\t\t<\/div>\n\t\t\t\t<\/div>\n\t\t\t\t<\/div>\n\t\t<div class=\"elementor-element elementor-element-f4b8454 e-con-full e-flex e-con e-child\" data-id=\"f4b8454\" data-element_type=\"container\" data-e-type=\"container\">\n\t\t\t\t<div class=\"elementor-element elementor-element-cbed63c elementor-widget elementor-widget-heading\" data-id=\"cbed63c\" data-element_type=\"widget\" data-e-type=\"widget\" data-widget_type=\"heading.default\">\n\t\t\t\t<div class=\"elementor-widget-container\">\n\t\t\t\t\t<h3 class=\"elementor-heading-title elementor-size-default\">Workpiece Carriers and Component Holders:<\/h3>\t\t\t\t<\/div>\n\t\t\t\t<\/div>\n\t\t\t\t<div class=\"elementor-element elementor-element-6c51e6d elementor-widget elementor-widget-text-editor\" data-id=\"6c51e6d\" data-element_type=\"widget\" data-e-type=\"widget\" data-widget_type=\"text-editor.default\">\n\t\t\t\t<div class=\"elementor-widget-container\">\n\t\t\t\t\t\t\t\t\tEven the lar\u00adgest and most sophisti\u00adca\u00adted trans\u00adfer sys\u00adtem, regard\u00adless of its tech\u00adni\u00adcal basis, can\u00adnot ope\u00adrate wit\u00adhout sui\u00adta\u00adble work\u00adpiece car\u00adri\u00aders. The same often applies to robo\u00adtic auto\u00adma\u00adtion. What truly mat\u00adters is how your com\u00adpon\u00adents and work\u00adpie\u00adces are held. Modi\u00adfy\u00ading exis\u00adting com\u00adpo\u00adnent hol\u00adders is often the simp\u00adlest and most cost-effec\u00adtive way to imple\u00adment a pro\u00adduct rede\u00adsign in your pro\u00adduc\u00adtion.\t\t\t\t\t\t\t\t<\/div>\n\t\t\t\t<\/div>\n\t\t\t\t<\/div>\n\t\t<div class=\"elementor-element elementor-element-b76c2d9 e-con-full e-flex e-con e-child\" data-id=\"b76c2d9\" data-element_type=\"container\" data-e-type=\"container\">\n\t\t\t\t<div class=\"elementor-element elementor-element-543bfd0 elementor-widget elementor-widget-heading\" data-id=\"543bfd0\" data-element_type=\"widget\" data-e-type=\"widget\" data-widget_type=\"heading.default\">\n\t\t\t\t<div class=\"elementor-widget-container\">\n\t\t\t\t\t<h3 class=\"elementor-heading-title elementor-size-default\">Inspection Gauges:<\/h3>\t\t\t\t<\/div>\n\t\t\t\t<\/div>\n\t\t\t\t<div class=\"elementor-element elementor-element-cfc1114 elementor-widget elementor-widget-text-editor\" data-id=\"cfc1114\" data-element_type=\"widget\" data-e-type=\"widget\" data-widget_type=\"text-editor.default\">\n\t\t\t\t<div class=\"elementor-widget-container\">\n\t\t\t\t\t\t\t\t\tOur inspec\u00adtion gau\u00adges are indi\u00advi\u00addu\u00adally tail\u00ado\u00adred to your com\u00adpon\u00adents and allow for fast and relia\u00adble veri\u00adfi\u00adca\u00adtion of fea\u00adtures. Posi\u00adtion gau\u00adges, laby\u00adrinth gau\u00adges, wire gau\u00adges, inspec\u00adtion pins, con\u00adtour gau\u00adges \u2013 we design accor\u00adding to your inspec\u00adtion requi\u00adre\u00adments. Whe\u00adther wire bra\u00adckets, tur\u00adbine blades, die-cast parts, or your spe\u00adci\u00adfic com\u00adpo\u00adnent: with our inspec\u00adtion gau\u00adges, you can quickly and relia\u00adbly deter\u00admine whe\u00adther ever\u00ady\u00adthing fits.\t\t\t\t\t\t\t\t<\/div>\n\t\t\t\t<\/div>\n\t\t\t\t<\/div>\n\t\t\t\t<\/div>\n\t\t\t\t\t<\/div>\n\t\t\t\t<\/div>\n\t\t\t\t<\/div>","protected":false},"excerpt":{"rendered":"<p>Betriebsmittelbau Betriebsmittelbau Steuratech ist kein Global Player \u2013 aber in Ihrem Team. Ihr Projekt ist zu klein f\u00fcr den gro\u00dfen Partner im Sondermaschinenbau? Bei uns passt es perfekt! Wir fokussieren uns komplett auf kleine, individuelle Automatisierungen, Vorrichtungen oder Lehren, die Sie f\u00fcr gro\u00dfe Fortschritte in Ihren Fertigungsprozessen ben\u00f6tigen. Klein hei\u00dft dabei nicht weniger komplex. Wir [&hellip;]<\/p>\n","protected":false},"author":1,"featured_media":0,"parent":0,"menu_order":0,"comment_status":"closed","ping_status":"closed","template":"","meta":{"wp_typography_post_enhancements_disabled":false,"footnotes":""},"class_list":["post-45","page","type-page","status-publish","hentry"],"yoast_head":"<!-- This site is optimized with the Yoast SEO plugin v27.5 - https:\/\/yoast.com\/product\/yoast-seo-wordpress\/ -->\n<title>Betriebsmittelbau - Steuratech.de<\/title>\n<meta name=\"description\" content=\"Mechatronisches Engineering f\u00fcr Ihre Produktionsger\u00e4te und Laborger\u00e4te. Wir setzen Ihre Verfahren und Innovationen in Ger\u00e4te um.\" \/>\n<meta name=\"robots\" content=\"index, follow, max-snippet:-1, max-image-preview:large, max-video-preview:-1\" \/>\n<link rel=\"canonical\" href=\"https:\/\/steuratech.de\/en\/production-equipment\/\" \/>\n<meta property=\"og:locale\" content=\"en_GB\" \/>\n<meta property=\"og:type\" content=\"article\" \/>\n<meta property=\"og:title\" content=\"Betriebsmittelbau - Steuratech.de\" \/>\n<meta property=\"og:description\" content=\"Mechatronisches Engineering f\u00fcr Ihre Produktionsger\u00e4te und Laborger\u00e4te. Wir setzen Ihre Verfahren und Innovationen in Ger\u00e4te um.\" \/>\n<meta property=\"og:url\" content=\"https:\/\/steuratech.de\/en\/production-equipment\/\" \/>\n<meta property=\"og:site_name\" content=\"Steuratech.de\" \/>\n<meta property=\"article:modified_time\" content=\"2025-12-16T03:19:46+00:00\" \/>\n<meta property=\"og:image\" content=\"https:\/\/steuratech.de\/wp-content\/uploads\/2025\/12\/betriebsmittel-up-sw.jpg\" \/>\n\t<meta property=\"og:image:width\" content=\"1718\" \/>\n\t<meta property=\"og:image:height\" content=\"1292\" \/>\n\t<meta property=\"og:image:type\" content=\"image\/jpeg\" \/>\n<meta name=\"twitter:card\" content=\"summary_large_image\" \/>\n<meta name=\"twitter:label1\" content=\"Estimated reading time\" \/>\n\t<meta name=\"twitter:data1\" content=\"3 minutes\" \/>\n<script type=\"application\/ld+json\" class=\"yoast-schema-graph\">{\"@context\":\"https:\\\/\\\/schema.org\",\"@graph\":[{\"@type\":\"WebPage\",\"@id\":\"https:\\\/\\\/steuratech.de\\\/betriebsmittelbau\\\/\",\"url\":\"https:\\\/\\\/steuratech.de\\\/betriebsmittelbau\\\/\",\"name\":\"Betriebsmittelbau - Steuratech.de\",\"isPartOf\":{\"@id\":\"https:\\\/\\\/steuratech.de\\\/de\\\/#website\"},\"primaryImageOfPage\":{\"@id\":\"https:\\\/\\\/steuratech.de\\\/betriebsmittelbau\\\/#primaryimage\"},\"image\":{\"@id\":\"https:\\\/\\\/steuratech.de\\\/betriebsmittelbau\\\/#primaryimage\"},\"thumbnailUrl\":\"https:\\\/\\\/steuratech.de\\\/wp-content\\\/uploads\\\/2025\\\/12\\\/betriebsmittel-up-sw-1024x770.jpg\",\"datePublished\":\"2023-10-20T15:35:56+00:00\",\"dateModified\":\"2025-12-16T03:19:46+00:00\",\"description\":\"Mechatronisches Engineering f\u00fcr Ihre Produktionsger\u00e4te und Laborger\u00e4te. Wir setzen Ihre Verfahren und Innovationen in Ger\u00e4te um.\",\"breadcrumb\":{\"@id\":\"https:\\\/\\\/steuratech.de\\\/betriebsmittelbau\\\/#breadcrumb\"},\"inLanguage\":\"en-GB\",\"potentialAction\":[{\"@type\":\"ReadAction\",\"target\":[\"https:\\\/\\\/steuratech.de\\\/betriebsmittelbau\\\/\"]}]},{\"@type\":\"ImageObject\",\"inLanguage\":\"en-GB\",\"@id\":\"https:\\\/\\\/steuratech.de\\\/betriebsmittelbau\\\/#primaryimage\",\"url\":\"https:\\\/\\\/steuratech.de\\\/wp-content\\\/uploads\\\/2025\\\/12\\\/betriebsmittel-up-sw-1024x770.jpg\",\"contentUrl\":\"https:\\\/\\\/steuratech.de\\\/wp-content\\\/uploads\\\/2025\\\/12\\\/betriebsmittel-up-sw-1024x770.jpg\"},{\"@type\":\"BreadcrumbList\",\"@id\":\"https:\\\/\\\/steuratech.de\\\/betriebsmittelbau\\\/#breadcrumb\",\"itemListElement\":[{\"@type\":\"ListItem\",\"position\":1,\"name\":\"Startseite\",\"item\":\"https:\\\/\\\/steuratech.de\\\/\"},{\"@type\":\"ListItem\",\"position\":2,\"name\":\"Betriebsmittelbau\"}]},{\"@type\":\"WebSite\",\"@id\":\"https:\\\/\\\/steuratech.de\\\/de\\\/#website\",\"url\":\"https:\\\/\\\/steuratech.de\\\/de\\\/\",\"name\":\"Steuratech.de\",\"description\":\"Ger&auml;tebau f&uuml;r Prototypen und Kleinserien\",\"publisher\":{\"@id\":\"https:\\\/\\\/steuratech.de\\\/de\\\/#organization\"},\"potentialAction\":[{\"@type\":\"SearchAction\",\"target\":{\"@type\":\"EntryPoint\",\"urlTemplate\":\"https:\\\/\\\/steuratech.de\\\/de\\\/?s={search_term_string}\"},\"query-input\":{\"@type\":\"PropertyValueSpecification\",\"valueRequired\":true,\"valueName\":\"search_term_string\"}}],\"inLanguage\":\"en-GB\"},{\"@type\":\"Organization\",\"@id\":\"https:\\\/\\\/steuratech.de\\\/de\\\/#organization\",\"name\":\"Steuratech.de\",\"url\":\"https:\\\/\\\/steuratech.de\\\/de\\\/\",\"logo\":{\"@type\":\"ImageObject\",\"inLanguage\":\"en-GB\",\"@id\":\"https:\\\/\\\/steuratech.de\\\/de\\\/#\\\/schema\\\/logo\\\/image\\\/\",\"url\":\"https:\\\/\\\/steuratech.de\\\/wp-content\\\/uploads\\\/2023\\\/10\\\/Steuratech-Logo.png\",\"contentUrl\":\"https:\\\/\\\/steuratech.de\\\/wp-content\\\/uploads\\\/2023\\\/10\\\/Steuratech-Logo.png\",\"width\":2000,\"height\":400,\"caption\":\"Steuratech.de\"},\"image\":{\"@id\":\"https:\\\/\\\/steuratech.de\\\/de\\\/#\\\/schema\\\/logo\\\/image\\\/\"}}]}<\/script>\n<!-- \/ Yoast SEO plugin. -->","yoast_head_json":{"title":"Betriebs\u00admit\u00adtel\u00adbau - Steuratech.de","description":"Mecha\u00adtro\u00adnic enginee\u00adring for your pro\u00adduc\u00adtion and labo\u00adra\u00adtory equip\u00adment. We imple\u00adment your pro\u00adces\u00adses and inno\u00adva\u00adtions into devices.","robots":{"index":"index","follow":"follow","max-snippet":"max-snippet:-1","max-image-preview":"max-image-preview:large","max-video-preview":"max-video-preview:-1"},"canonical":"https:\/\/steuratech.de\/en\/production-equipment\/","og_locale":"en_GB","og_type":"article","og_title":"Betriebsmittelbau - Steuratech.de","og_description":"Mechatronisches Engineering f\u00fcr Ihre Produktionsger\u00e4te und Laborger\u00e4te. Wir setzen Ihre Verfahren und Innovationen in Ger\u00e4te um.","og_url":"https:\/\/steuratech.de\/en\/production-equipment\/","og_site_name":"Steuratech.de","article_modified_time":"2025-12-16T03:19:46+00:00","og_image":[{"width":1718,"height":1292,"url":"https:\/\/steuratech.de\/wp-content\/uploads\/2025\/12\/betriebsmittel-up-sw.jpg","type":"image\/jpeg"}],"twitter_card":"summary_large_image","twitter_misc":{"Estimated reading time":"3 minutes"},"schema":{"@context":"https:\/\/schema.org","@graph":[{"@type":"WebPage","@id":"https:\/\/steuratech.de\/betriebsmittelbau\/","url":"https:\/\/steuratech.de\/betriebsmittelbau\/","name":"Betriebs\u00admit\u00adtel\u00adbau - Steuratech.de","isPartOf":{"@id":"https:\/\/steuratech.de\/de\/#website"},"primaryImageOfPage":{"@id":"https:\/\/steuratech.de\/betriebsmittelbau\/#primaryimage"},"image":{"@id":"https:\/\/steuratech.de\/betriebsmittelbau\/#primaryimage"},"thumbnailUrl":"https:\/\/steuratech.de\/wp-content\/uploads\/2025\/12\/betriebsmittel-up-sw-1024x770.jpg","datePublished":"2023-10-20T15:35:56+00:00","dateModified":"2025-12-16T03:19:46+00:00","description":"Mecha\u00adtro\u00adnic enginee\u00adring for your pro\u00adduc\u00adtion and labo\u00adra\u00adtory equip\u00adment. We imple\u00adment your pro\u00adces\u00adses and inno\u00adva\u00adtions into devices.","breadcrumb":{"@id":"https:\/\/steuratech.de\/betriebsmittelbau\/#breadcrumb"},"inLanguage":"en-GB","potentialAction":[{"@type":"ReadAction","target":["https:\/\/steuratech.de\/betriebsmittelbau\/"]}]},{"@type":"ImageObject","inLanguage":"en-GB","@id":"https:\/\/steuratech.de\/betriebsmittelbau\/#primaryimage","url":"https:\/\/steuratech.de\/wp-content\/uploads\/2025\/12\/betriebsmittel-up-sw-1024x770.jpg","contentUrl":"https:\/\/steuratech.de\/wp-content\/uploads\/2025\/12\/betriebsmittel-up-sw-1024x770.jpg"},{"@type":"BreadcrumbList","@id":"https:\/\/steuratech.de\/betriebsmittelbau\/#breadcrumb","itemListElement":[{"@type":"ListItem","position":1,"name":"Startseite","item":"https:\/\/steuratech.de\/"},{"@type":"ListItem","position":2,"name":"Betriebsmittelbau"}]},{"@type":"WebSite","@id":"https:\/\/steuratech.de\/de\/#website","url":"https:\/\/steuratech.de\/de\/","name":"Steuratech.de","description":"Ger\u00e4\u00adte\u00adbau f\u00fcr Pro\u00adto\u00adty\u00adpen und Klein\u00adse\u00adrien","publisher":{"@id":"https:\/\/steuratech.de\/de\/#organization"},"potentialAction":[{"@type":"SearchAction","target":{"@type":"EntryPoint","urlTemplate":"https:\/\/steuratech.de\/de\/?s={search_term_string}"},"query-input":{"@type":"PropertyValueSpecification","valueRequired":true,"valueName":"search_term_string"}}],"inLanguage":"en-GB"},{"@type":"Organization","@id":"https:\/\/steuratech.de\/de\/#organization","name":"Steuratech.de","url":"https:\/\/steuratech.de\/de\/","logo":{"@type":"ImageObject","inLanguage":"en-GB","@id":"https:\/\/steuratech.de\/de\/#\/schema\/logo\/image\/","url":"https:\/\/steuratech.de\/wp-content\/uploads\/2023\/10\/Steuratech-Logo.png","contentUrl":"https:\/\/steuratech.de\/wp-content\/uploads\/2023\/10\/Steuratech-Logo.png","width":2000,"height":400,"caption":"Steuratech.de"},"image":{"@id":"https:\/\/steuratech.de\/de\/#\/schema\/logo\/image\/"}}]}},"_links":{"self":[{"href":"https:\/\/steuratech.de\/en\/wp-json\/wp\/v2\/pages\/45","targetHints":{"allow":["GET"]}}],"collection":[{"href":"https:\/\/steuratech.de\/en\/wp-json\/wp\/v2\/pages"}],"about":[{"href":"https:\/\/steuratech.de\/en\/wp-json\/wp\/v2\/types\/page"}],"author":[{"embeddable":true,"href":"https:\/\/steuratech.de\/en\/wp-json\/wp\/v2\/users\/1"}],"replies":[{"embeddable":true,"href":"https:\/\/steuratech.de\/en\/wp-json\/wp\/v2\/comments?post=45"}],"version-history":[{"count":137,"href":"https:\/\/steuratech.de\/en\/wp-json\/wp\/v2\/pages\/45\/revisions"}],"predecessor-version":[{"id":1733,"href":"https:\/\/steuratech.de\/en\/wp-json\/wp\/v2\/pages\/45\/revisions\/1733"}],"wp:attachment":[{"href":"https:\/\/steuratech.de\/en\/wp-json\/wp\/v2\/media?parent=45"}],"curies":[{"name":"wp","href":"https:\/\/api.w.org\/{rel}","templated":true}]}}