{"id":45,"date":"2023-10-20T15:35:56","date_gmt":"2023-10-20T15:35:56","guid":{"rendered":"https:\/\/steuratech.de\/montageservice\/"},"modified":"2025-12-16T04:19:46","modified_gmt":"2025-12-16T03:19:46","slug":"betriebsmittelbau","status":"publish","type":"page","link":"https:\/\/steuratech.de\/de\/betriebsmittelbau\/","title":{"rendered":"Betriebsmittelbau"},"content":{"rendered":"\t\t<div data-elementor-type=\"wp-page\" data-elementor-id=\"45\" class=\"elementor elementor-45\" data-elementor-post-type=\"page\">\n\t\t\t\t<div class=\"elementor-element elementor-element-0d522da e-flex e-con-boxed e-con e-parent\" data-id=\"0d522da\" data-element_type=\"container\" data-e-type=\"container\" data-settings=\"{&quot;background_background&quot;:&quot;classic&quot;}\">\n\t\t\t\t\t<div class=\"e-con-inner\">\n\t\t\t\t\t<\/div>\n\t\t\t\t<\/div>\n\t\t<div class=\"elementor-element elementor-element-765be45 e-flex e-con-boxed e-con e-parent\" data-id=\"765be45\" data-element_type=\"container\" data-e-type=\"container\">\n\t\t\t\t\t<div class=\"e-con-inner\">\n\t\t\t\t<div class=\"elementor-element elementor-element-8fb2830 elementor-hidden-mobile elementor-widget elementor-widget-text-editor\" data-id=\"8fb2830\" data-element_type=\"widget\" data-e-type=\"widget\" data-widget_type=\"text-editor.default\">\n\t\t\t\t<div class=\"elementor-widget-container\">\n\t\t\t\t\t\t\t\t\t<h1 style=\"font-family: 'Helvetica Neue Condensed Bold', sans-serif; font-weight: 500; font-size: 54px; hyphens: none; color: #5c9c30;\">Betriebsmittelbau<\/h1>\t\t\t\t\t\t\t\t<\/div>\n\t\t\t\t<\/div>\n\t\t\t\t<div class=\"elementor-element elementor-element-0a32e86 elementor-hidden-desktop elementor-hidden-tablet elementor-widget elementor-widget-text-editor\" data-id=\"0a32e86\" data-element_type=\"widget\" data-e-type=\"widget\" data-widget_type=\"text-editor.default\">\n\t\t\t\t<div class=\"elementor-widget-container\">\n\t\t\t\t\t\t\t\t\t<h1 style=\"font-family: 'Helvetica Neue Condensed Bold', sans-serif; font-weight: 500; font-size: 54px; line-height: 1.2em; hyphens: none; color: #5c9c30;\"><span class=\"hyphenate\">Betriebsmittelbau<\/span>\n<\/h1>\t\t\t\t\t\t\t\t<\/div>\n\t\t\t\t<\/div>\n\t\t<div class=\"elementor-element elementor-element-f5bda25 e-grid e-con-full e-con e-child\" data-id=\"f5bda25\" data-element_type=\"container\" data-e-type=\"container\">\n\t\t<div class=\"elementor-element elementor-element-c14ba87 e-con-full e-flex e-con e-child\" data-id=\"c14ba87\" data-element_type=\"container\" data-e-type=\"container\">\n\t\t\t\t<div class=\"elementor-element elementor-element-1f5a7ba elementor-widget elementor-widget-text-editor\" data-id=\"1f5a7ba\" data-element_type=\"widget\" data-e-type=\"widget\" data-widget_type=\"text-editor.default\">\n\t\t\t\t<div class=\"elementor-widget-container\">\n\t\t\t\t\t\t\t\t\t<p>Steu\u00adra\u00adtech ist kein Glo\u00adbal Player \u2013 aber in Ihrem Team.<\/p><p>Ihr Pro\u00adjekt ist zu klein f\u00fcr den gro\u00ad\u00dfen Part\u00adner im Son\u00adder\u00adma\u00adschi\u00adnen\u00adbau? Bei uns passt es per\u00adfekt! Wir fokus\u00adsie\u00adren uns kom\u00adplett auf kleine, indi\u00advi\u00addu\u00adelle Auto\u00adma\u00adti\u00adsie\u00adrun\u00adgen, Vor\u00adrich\u00adtun\u00adgen oder Leh\u00adren, die Sie f\u00fcr gro\u00dfe Fort\u00adschritte in Ihren Fer\u00adti\u00adgungs\u00adpro\u00adzes\u00adsen ben\u00f6\u00adti\u00adgen. Klein hei\u00dft dabei nicht weni\u00adger kom\u00adplex. Wir bie\u00adten Ihnen pr\u00e4\u00adzi\u00adses, effi\u00adzi\u00aden\u00adtes Enginee\u00adring und neh\u00admen gemein\u00adsam mit Ihnen die L\u00f6sun\u00adgen in Betrieb.<\/p><p>Ihr Pro\u00adjekt ist ent\u00adschei\u00addend. F\u00fcr Sie und f\u00fcr uns.<\/p>\t\t\t\t\t\t\t\t<\/div>\n\t\t\t\t<\/div>\n\t\t\t\t<div class=\"elementor-element elementor-element-e4c1cfa elementor-mobile-align-justify elementor-widget elementor-widget-button\" data-id=\"e4c1cfa\" data-element_type=\"widget\" data-e-type=\"widget\" data-widget_type=\"button.default\">\n\t\t\t\t<div class=\"elementor-widget-container\">\n\t\t\t\t\t\t\t\t\t<div class=\"elementor-button-wrapper\">\n\t\t\t\t\t<a class=\"elementor-button elementor-button-link elementor-size-sm\" href=\"https:\/\/steuratech.de\/de\/kontakt\/\">\n\t\t\t\t\t\t<span class=\"elementor-button-content-wrapper\">\n\t\t\t\t\t\t\t\t\t<span class=\"elementor-button-text\">Kon\u00adtak\u00adtie\u00adren Sie uns<\/span>\n\t\t\t\t\t<\/span>\n\t\t\t\t\t<\/a>\n\t\t\t\t<\/div>\n\t\t\t\t\t\t\t\t<\/div>\n\t\t\t\t<\/div>\n\t\t\t\t<\/div>\n\t\t\t\t<div class=\"elementor-element elementor-element-14be574 elementor-hidden-mobile elementor-widget elementor-widget-image\" data-id=\"14be574\" data-element_type=\"widget\" data-e-type=\"widget\" data-widget_type=\"image.default\">\n\t\t\t\t<div class=\"elementor-widget-container\">\n\t\t\t\t\t\t\t\t\t\t\t\t\t\t\t<img fetchpriority=\"high\" decoding=\"async\" width=\"800\" height=\"602\" src=\"https:\/\/steuratech.de\/wp-content\/uploads\/2025\/12\/betriebsmittel-up-sw-1024x770.jpg\" class=\"attachment-large size-large wp-image-1727\" alt srcset=\"https:\/\/steuratech.de\/wp-content\/uploads\/2025\/12\/betriebsmittel-up-sw-1024x770.jpg 1024w, https:\/\/steuratech.de\/wp-content\/uploads\/2025\/12\/betriebsmittel-up-sw-300x226.jpg 300w, https:\/\/steuratech.de\/wp-content\/uploads\/2025\/12\/betriebsmittel-up-sw-768x578.jpg 768w, https:\/\/steuratech.de\/wp-content\/uploads\/2025\/12\/betriebsmittel-up-sw-1536x1155.jpg 1536w, https:\/\/steuratech.de\/wp-content\/uploads\/2025\/12\/betriebsmittel-up-sw-16x12.jpg 16w, https:\/\/steuratech.de\/wp-content\/uploads\/2025\/12\/betriebsmittel-up-sw.jpg 1718w\" sizes=\"(max-width: 800px) 100vw, 800px\">\t\t\t\t\t\t\t\t\t\t\t\t\t\t\t<\/div>\n\t\t\t\t<\/div>\n\t\t\t\t<\/div>\n\t\t\t\t\t<\/div>\n\t\t\t\t<\/div>\n\t\t<div class=\"elementor-element elementor-element-3aa08c2 elementor-hidden-desktop elementor-hidden-tablet e-flex e-con-boxed e-con e-parent\" data-id=\"3aa08c2\" data-element_type=\"container\" data-e-type=\"container\" data-settings=\"{&quot;background_background&quot;:&quot;classic&quot;}\">\n\t\t\t\t\t<div class=\"e-con-inner\">\n\t\t\t\t\t<\/div>\n\t\t\t\t<\/div>\n\t\t<div class=\"elementor-element elementor-element-eda470e e-flex e-con-boxed e-con e-parent\" data-id=\"eda470e\" data-element_type=\"container\" data-e-type=\"container\" data-settings=\"{&quot;background_background&quot;:&quot;classic&quot;}\">\n\t\t\t\t\t<div class=\"e-con-inner\">\n\t\t\t\t<div class=\"elementor-element elementor-element-4be1056 elementor-widget elementor-widget-heading\" data-id=\"4be1056\" data-element_type=\"widget\" data-e-type=\"widget\" data-widget_type=\"heading.default\">\n\t\t\t\t<div class=\"elementor-widget-container\">\n\t\t\t\t\t<h2 class=\"elementor-heading-title elementor-size-default\">Unsere Leistungen<\/h2>\t\t\t\t<\/div>\n\t\t\t\t<\/div>\n\t\t<div class=\"elementor-element elementor-element-e4ca60a e-grid e-con-full e-con e-child\" data-id=\"e4ca60a\" data-element_type=\"container\" data-e-type=\"container\">\n\t\t<div class=\"elementor-element elementor-element-cb5acd0 e-con-full e-flex e-con e-child\" data-id=\"cb5acd0\" data-element_type=\"container\" data-e-type=\"container\">\n\t\t\t\t<div class=\"elementor-element elementor-element-f67421d elementor-widget elementor-widget-heading\" data-id=\"f67421d\" data-element_type=\"widget\" data-e-type=\"widget\" data-widget_type=\"heading.default\">\n\t\t\t\t<div class=\"elementor-widget-container\">\n\t\t\t\t\t<h3 class=\"elementor-heading-title elementor-size-default\">Automatisierung:<\/h3>\t\t\t\t<\/div>\n\t\t\t\t<\/div>\n\t\t\t\t<div class=\"elementor-element elementor-element-b2edfd2 elementor-widget elementor-widget-text-editor\" data-id=\"b2edfd2\" data-element_type=\"widget\" data-e-type=\"widget\" data-widget_type=\"text-editor.default\">\n\t\t\t\t<div class=\"elementor-widget-container\">\n\t\t\t\t\t\t\t\t\tDie Auto\u00adma\u00adtion von Fer\u00adti\u00adgungs\u00adpro\u00adzes\u00adsen kann kom\u00adplex und kos\u00adten\u00adin\u00adten\u00adsiv sein. Muss sie aber nicht. Wir sind dar\u00adauf spe\u00adzia\u00adli\u00adsiert, die L\u00fccken in Ihrer Fer\u00adti\u00adgung zu schlie\u00ad\u00dfen, die gro\u00dfe Son\u00adder\u00adma\u00adschi\u00adnen\u00adbauer nicht schlie\u00ad\u00dfen m\u00f6ch\u00adten. Falls es Ihre L\u00f6sung als Stan\u00addard zu kau\u00adfen gibt, kau\u00adfen Sie diese. Falls Ihre L\u00f6sung mehr als \u20ac200.000 kos\u00adtet, suchen Sie einen gro\u00ad\u00dfen Son\u00adder\u00adma\u00adschi\u00adnen\u00adbauer. F\u00fcr alles dazwi\u00adschen sind wir Ihr Part\u00adner.\t\t\t\t\t\t\t\t<\/div>\n\t\t\t\t<\/div>\n\t\t\t\t<\/div>\n\t\t<div class=\"elementor-element elementor-element-d4d98d0 e-con-full e-flex e-con e-child\" data-id=\"d4d98d0\" data-element_type=\"container\" data-e-type=\"container\">\n\t\t\t\t<div class=\"elementor-element elementor-element-a9de804 elementor-widget elementor-widget-heading\" data-id=\"a9de804\" data-element_type=\"widget\" data-e-type=\"widget\" data-widget_type=\"heading.default\">\n\t\t\t\t<div class=\"elementor-widget-container\">\n\t\t\t\t\t<h3 class=\"elementor-heading-title elementor-size-default\">Montagevorrichtungen:<\/h3>\t\t\t\t<\/div>\n\t\t\t\t<\/div>\n\t\t\t\t<div class=\"elementor-element elementor-element-61f63df elementor-widget elementor-widget-text-editor\" data-id=\"61f63df\" data-element_type=\"widget\" data-e-type=\"widget\" data-widget_type=\"text-editor.default\">\n\t\t\t\t<div class=\"elementor-widget-container\">\n\t\t\t\t\t\t\t\t\t<div>Viele Mon\u00adta\u00adge\u00adauf\u00adga\u00adben ben\u00f6\u00adti\u00adgen oder recht\u00adfer\u00adti\u00adgen keine Voll\u00adau\u00adto\u00adma\u00adtion. Nut\u00adzen Sie die M\u00f6g\u00adlich\u00adkeit, durch manu\u00adelle Vor\u00adrich\u00adtun\u00adgen oder halb\u00adau\u00adto\u00adma\u00adti\u00adsche L\u00f6sun\u00adgen Ihre Fer\u00adti\u00adgung wesent\u00adlich zu ver\u00adbes\u00adsern. Die ver\u00adein\u00adzelte Zuf\u00fch\u00adrung von Bau\u00adtei\u00adlen macht Ihre Pro\u00adduk\u00adtion effi\u00adzi\u00aden\u00adter. Das lage\u00adrich\u00adtige Bereit\u00adstel\u00adlen von F\u00fcge\u00adbau\u00adtei\u00adlen ver\u00adbes\u00adsert die Qua\u00adli\u00adt\u00e4t. Wir bie\u00adten Ihnen unser vol\u00adles Enginee\u00adring f\u00fcr Ihren klei\u00adnen Schritt, der ent\u00adschei\u00addet!<\/div>\t\t\t\t\t\t\t\t<\/div>\n\t\t\t\t<\/div>\n\t\t\t\t<\/div>\n\t\t<div class=\"elementor-element elementor-element-daf079b e-con-full e-flex e-con e-child\" data-id=\"daf079b\" data-element_type=\"container\" data-e-type=\"container\">\n\t\t\t\t<div class=\"elementor-element elementor-element-792a7b3 elementor-widget elementor-widget-heading\" data-id=\"792a7b3\" data-element_type=\"widget\" data-e-type=\"widget\" data-widget_type=\"heading.default\">\n\t\t\t\t<div class=\"elementor-widget-container\">\n\t\t\t\t\t<h3 class=\"elementor-heading-title elementor-size-default\">Pr\u00fcfvorrichtungen:<\/h3>\t\t\t\t<\/div>\n\t\t\t\t<\/div>\n\t\t\t\t<div class=\"elementor-element elementor-element-818d660 elementor-widget elementor-widget-text-editor\" data-id=\"818d660\" data-element_type=\"widget\" data-e-type=\"widget\" data-widget_type=\"text-editor.default\">\n\t\t\t\t<div class=\"elementor-widget-container\">\n\t\t\t\t\t\t\t\t\tManch\u00admal lohnt es sich zu wis\u00adsen, bei wel\u00adchem Dreh\u00admo\u00adment die Sicher\u00adheits\u00adkupp\u00adlung tat\u00ads\u00e4ch\u00adlich aus\u00adl\u00f6st oder bei wel\u00adcher Axi\u00adal\u00adkraft der Stift rutscht. Falls Sie bis\u00adlang Vis\u00adko\u00adsi\u00adt\u00e4t, Schicht\u00addi\u00adcke, Fest\u00adk\u00f6r\u00adper oder \u00e4hn\u00adli\u00adche Merk\u00admale mit manu\u00adel\u00adlen Ger\u00e4\u00adten bestim\u00admen, inte\u00adgrie\u00adren wir das gerne voll- oder halb\u00adau\u00adto\u00adma\u00adtisch in Ihre Pro\u00adzess\u00adkette.\t\t\t\t\t\t\t\t<\/div>\n\t\t\t\t<\/div>\n\t\t\t\t<\/div>\n\t\t<div class=\"elementor-element elementor-element-69a6050 e-con-full e-flex e-con e-child\" data-id=\"69a6050\" data-element_type=\"container\" data-e-type=\"container\">\n\t\t\t\t<div class=\"elementor-element elementor-element-f5398e2 elementor-widget elementor-widget-heading\" data-id=\"f5398e2\" data-element_type=\"widget\" data-e-type=\"widget\" data-widget_type=\"heading.default\">\n\t\t\t\t<div class=\"elementor-widget-container\">\n\t\t\t\t\t<h3 class=\"elementor-heading-title elementor-size-default\">Spannvorrichtungen:<\/h3>\t\t\t\t<\/div>\n\t\t\t\t<\/div>\n\t\t\t\t<div class=\"elementor-element elementor-element-00931e6 elementor-widget elementor-widget-text-editor\" data-id=\"00931e6\" data-element_type=\"widget\" data-e-type=\"widget\" data-widget_type=\"text-editor.default\">\n\t\t\t\t<div class=\"elementor-widget-container\">\n\t\t\t\t\t\t\t\t\tOb spa\u00adnende Bear\u00adbei\u00adtung, das Auf\u00adspan\u00adnen von Blech\u00adtei\u00adlen in einer Schwei\u00df\u00adzelle oder die wie\u00adder\u00adhol\u00adge\u00adnaue Auf\u00adspan\u00adnung von Bau\u00adtei\u00adlen in einer Mess\u00adma\u00adschine \u2013 die rich\u00adtige Spann\u00advor\u00adrich\u00adtung ist Grund\u00adlage eines guten Ergeb\u00adnis\u00adses. Immer wenn es darum geht, ein oder meh\u00adrere Bau\u00adteile zuein\u00adan\u00adder aus\u00adge\u00adrich\u00adtet sicher zu span\u00adnen, sind wir Ihr ers\u00adter Ansprech\u00adpart\u00adner.\t\t\t\t\t\t\t\t<\/div>\n\t\t\t\t<\/div>\n\t\t\t\t<\/div>\n\t\t<div class=\"elementor-element elementor-element-f4b8454 e-con-full e-flex e-con e-child\" data-id=\"f4b8454\" data-element_type=\"container\" data-e-type=\"container\">\n\t\t\t\t<div class=\"elementor-element elementor-element-cbed63c elementor-widget elementor-widget-heading\" data-id=\"cbed63c\" data-element_type=\"widget\" data-e-type=\"widget\" data-widget_type=\"heading.default\">\n\t\t\t\t<div class=\"elementor-widget-container\">\n\t\t\t\t\t<h3 class=\"elementor-heading-title elementor-size-default\">Werkst\u00fccktr\u00e4ger und Bauteilaufnahmen:<\/h3>\t\t\t\t<\/div>\n\t\t\t\t<\/div>\n\t\t\t\t<div class=\"elementor-element elementor-element-6c51e6d elementor-widget elementor-widget-text-editor\" data-id=\"6c51e6d\" data-element_type=\"widget\" data-e-type=\"widget\" data-widget_type=\"text-editor.default\">\n\t\t\t\t<div class=\"elementor-widget-container\">\n\t\t\t\t\t\t\t\t\tEin noch so gro\u00ad\u00dfes und auf\u00adwen\u00addi\u00adges Trans\u00adfer\u00adsys\u00adtem, auf jeg\u00adli\u00adcher tech\u00adni\u00adschen Grund\u00adlage, ist nicht ein\u00adsatz\u00adbe\u00adreit ohne pas\u00adsende Werk\u00adst\u00fcck\u00adtr\u00e4\u00adger. \u00c4hn\u00adlich ist es h\u00e4u\u00adfig in der Auto\u00adma\u00adtion durch Robo\u00adter. Ent\u00adschei\u00addend ist die Auf\u00adnahme Ihrer Bau\u00adteile und Werk\u00adst\u00fc\u00adcke. Dabei ist die Umge\u00adstal\u00adtung vor\u00adhan\u00adde\u00adner Bau\u00adteil\u00adauf\u00adnah\u00admen oft\u00admals die ein\u00adfachste und kos\u00adten\u00adg\u00fcns\u00adtigste M\u00f6g\u00adlich\u00adkeit, einen Pro\u00addukt\u00adwech\u00adsel in Ihrer Fer\u00adti\u00adgung durch\u00adzu\u00adf\u00fch\u00adren.\t\t\t\t\t\t\t\t<\/div>\n\t\t\t\t<\/div>\n\t\t\t\t<\/div>\n\t\t<div class=\"elementor-element elementor-element-b76c2d9 e-con-full e-flex e-con e-child\" data-id=\"b76c2d9\" data-element_type=\"container\" data-e-type=\"container\">\n\t\t\t\t<div class=\"elementor-element elementor-element-543bfd0 elementor-widget elementor-widget-heading\" data-id=\"543bfd0\" data-element_type=\"widget\" data-e-type=\"widget\" data-widget_type=\"heading.default\">\n\t\t\t\t<div class=\"elementor-widget-container\">\n\t\t\t\t\t<h3 class=\"elementor-heading-title elementor-size-default\">Pr\u00fcflehren:<\/h3>\t\t\t\t<\/div>\n\t\t\t\t<\/div>\n\t\t\t\t<div class=\"elementor-element elementor-element-cfc1114 elementor-widget elementor-widget-text-editor\" data-id=\"cfc1114\" data-element_type=\"widget\" data-e-type=\"widget\" data-widget_type=\"text-editor.default\">\n\t\t\t\t<div class=\"elementor-widget-container\">\n\t\t\t\t\t\t\t\t\tUnsere indi\u00advi\u00addu\u00adell auf Ihre Bau\u00adteile abge\u00adstimm\u00adten Pr\u00fcf\u00adleh\u00adren erm\u00f6g\u00adli\u00adchen ein schnel\u00adles und zuver\u00adl\u00e4s\u00adsi\u00adges Leh\u00adren von Merk\u00adma\u00adlen. Absteck\u00adleh\u00adren, Laby\u00adrinth\u00adleh\u00adren, Draht\u00adleh\u00adren, Pr\u00fcf\u00addorne, Kon\u00adtur\u00adleh\u00adren \u2013 wir ori\u00aden\u00adtie\u00adren uns an Ihren Pr\u00fcf\u00adauf\u00adga\u00adben. Ob Draht\u00adb\u00fc\u00adgel, Tur\u00adbi\u00adnen\u00adfl\u00fc\u00adgel, Druck\u00adguss\u00adteil oder Ihr Bau\u00adteil: Mit unse\u00adren Pr\u00fcf\u00adleh\u00adren wis\u00adsen Sie schnell und zuver\u00adl\u00e4s\u00adsig, ob alles passt.\t\t\t\t\t\t\t\t<\/div>\n\t\t\t\t<\/div>\n\t\t\t\t<\/div>\n\t\t\t\t<\/div>\n\t\t\t\t\t<\/div>\n\t\t\t\t<\/div>\n\t\t\t\t<\/div>\n\t\t","protected":false},"excerpt":{"rendered":"<p>Betriebs\u00admit\u00adtel\u00adbau Betriebs\u00admit\u00adtel\u00adbau Steu\u00adra\u00adtech ist kein Glo\u00adbal Player \u2013 aber in Ihrem Team. Ihr Pro\u00adjekt ist zu klein f\u00fcr den gro\u00ad\u00dfen Part\u00adner im Son\u00adder\u00adma\u00adschi\u00adnen\u00adbau? Bei uns passt es per\u00adfekt! Wir fokus\u00adsie\u00adren uns kom\u00adplett auf kleine, indi\u00advi\u00addu\u00adelle Auto\u00adma\u00adti\u00adsie\u00adrun\u00adgen, Vor\u00adrich\u00adtun\u00adgen oder Leh\u00adren, die Sie f\u00fcr gro\u00dfe Fort\u00adschritte in Ihren Fer\u00adti\u00adgungs\u00adpro\u00adzes\u00adsen ben\u00f6\u00adti\u00adgen. Klein hei\u00dft dabei nicht weni\u00adger kom\u00adplex. Wir [\u2026]<\/p>\n","protected":false},"author":1,"featured_media":0,"parent":0,"menu_order":0,"comment_status":"closed","ping_status":"closed","template":"","meta":{"wp_typography_post_enhancements_disabled":false,"footnotes":""},"class_list":["post-45","page","type-page","status-publish","hentry"],"yoast_head":"<!-- This site is optimized with the Yoast SEO plugin v27.5 - https:\/\/yoast.com\/product\/yoast-seo-wordpress\/ -->\n<title>Betriebsmittelbau - Steuratech.de<\/title>\n<meta name=\"description\" content=\"Mechatronisches Engineering f\u00fcr Ihre Produktionsger\u00e4te und Laborger\u00e4te. Wir setzen Ihre Verfahren und Innovationen in Ger\u00e4te um.\" \/>\n<meta name=\"robots\" content=\"index, follow, max-snippet:-1, max-image-preview:large, max-video-preview:-1\" \/>\n<link rel=\"canonical\" href=\"https:\/\/steuratech.de\/de\/betriebsmittelbau\/\" \/>\n<meta property=\"og:locale\" content=\"de_DE\" \/>\n<meta property=\"og:type\" content=\"article\" \/>\n<meta property=\"og:title\" content=\"Betriebsmittelbau - Steuratech.de\" \/>\n<meta property=\"og:description\" content=\"Mechatronisches Engineering f\u00fcr Ihre Produktionsger\u00e4te und Laborger\u00e4te. Wir setzen Ihre Verfahren und Innovationen in Ger\u00e4te um.\" \/>\n<meta property=\"og:url\" content=\"https:\/\/steuratech.de\/de\/betriebsmittelbau\/\" \/>\n<meta property=\"og:site_name\" content=\"Steuratech.de\" \/>\n<meta property=\"article:modified_time\" content=\"2025-12-16T03:19:46+00:00\" \/>\n<meta property=\"og:image\" content=\"https:\/\/steuratech.de\/wp-content\/uploads\/2025\/12\/betriebsmittel-up-sw.jpg\" \/>\n\t<meta property=\"og:image:width\" content=\"1718\" \/>\n\t<meta property=\"og:image:height\" content=\"1292\" \/>\n\t<meta property=\"og:image:type\" content=\"image\/jpeg\" \/>\n<meta name=\"twitter:card\" content=\"summary_large_image\" \/>\n<meta name=\"twitter:label1\" content=\"Gesch\u00e4tzte Lesezeit\" \/>\n\t<meta name=\"twitter:data1\" content=\"3\u00a0Minuten\" \/>\n<script type=\"application\/ld+json\" class=\"yoast-schema-graph\">{\"@context\":\"https:\\\/\\\/schema.org\",\"@graph\":[{\"@type\":\"WebPage\",\"@id\":\"https:\\\/\\\/steuratech.de\\\/betriebsmittelbau\\\/\",\"url\":\"https:\\\/\\\/steuratech.de\\\/betriebsmittelbau\\\/\",\"name\":\"Betriebsmittelbau - Steuratech.de\",\"isPartOf\":{\"@id\":\"https:\\\/\\\/steuratech.de\\\/de\\\/#website\"},\"primaryImageOfPage\":{\"@id\":\"https:\\\/\\\/steuratech.de\\\/betriebsmittelbau\\\/#primaryimage\"},\"image\":{\"@id\":\"https:\\\/\\\/steuratech.de\\\/betriebsmittelbau\\\/#primaryimage\"},\"thumbnailUrl\":\"https:\\\/\\\/steuratech.de\\\/wp-content\\\/uploads\\\/2025\\\/12\\\/betriebsmittel-up-sw-1024x770.jpg\",\"datePublished\":\"2023-10-20T15:35:56+00:00\",\"dateModified\":\"2025-12-16T03:19:46+00:00\",\"description\":\"Mechatronisches Engineering f\u00fcr Ihre Produktionsger\u00e4te und Laborger\u00e4te. Wir setzen Ihre Verfahren und Innovationen in Ger\u00e4te um.\",\"breadcrumb\":{\"@id\":\"https:\\\/\\\/steuratech.de\\\/betriebsmittelbau\\\/#breadcrumb\"},\"inLanguage\":\"de\",\"potentialAction\":[{\"@type\":\"ReadAction\",\"target\":[\"https:\\\/\\\/steuratech.de\\\/betriebsmittelbau\\\/\"]}]},{\"@type\":\"ImageObject\",\"inLanguage\":\"de\",\"@id\":\"https:\\\/\\\/steuratech.de\\\/betriebsmittelbau\\\/#primaryimage\",\"url\":\"https:\\\/\\\/steuratech.de\\\/wp-content\\\/uploads\\\/2025\\\/12\\\/betriebsmittel-up-sw-1024x770.jpg\",\"contentUrl\":\"https:\\\/\\\/steuratech.de\\\/wp-content\\\/uploads\\\/2025\\\/12\\\/betriebsmittel-up-sw-1024x770.jpg\"},{\"@type\":\"BreadcrumbList\",\"@id\":\"https:\\\/\\\/steuratech.de\\\/betriebsmittelbau\\\/#breadcrumb\",\"itemListElement\":[{\"@type\":\"ListItem\",\"position\":1,\"name\":\"Startseite\",\"item\":\"https:\\\/\\\/steuratech.de\\\/\"},{\"@type\":\"ListItem\",\"position\":2,\"name\":\"Betriebsmittelbau\"}]},{\"@type\":\"WebSite\",\"@id\":\"https:\\\/\\\/steuratech.de\\\/de\\\/#website\",\"url\":\"https:\\\/\\\/steuratech.de\\\/de\\\/\",\"name\":\"Steuratech.de\",\"description\":\"Ger&auml;tebau f&uuml;r Prototypen und Kleinserien\",\"publisher\":{\"@id\":\"https:\\\/\\\/steuratech.de\\\/de\\\/#organization\"},\"potentialAction\":[{\"@type\":\"SearchAction\",\"target\":{\"@type\":\"EntryPoint\",\"urlTemplate\":\"https:\\\/\\\/steuratech.de\\\/de\\\/?s={search_term_string}\"},\"query-input\":{\"@type\":\"PropertyValueSpecification\",\"valueRequired\":true,\"valueName\":\"search_term_string\"}}],\"inLanguage\":\"de\"},{\"@type\":\"Organization\",\"@id\":\"https:\\\/\\\/steuratech.de\\\/de\\\/#organization\",\"name\":\"Steuratech.de\",\"url\":\"https:\\\/\\\/steuratech.de\\\/de\\\/\",\"logo\":{\"@type\":\"ImageObject\",\"inLanguage\":\"de\",\"@id\":\"https:\\\/\\\/steuratech.de\\\/de\\\/#\\\/schema\\\/logo\\\/image\\\/\",\"url\":\"https:\\\/\\\/steuratech.de\\\/wp-content\\\/uploads\\\/2023\\\/10\\\/Steuratech-Logo.png\",\"contentUrl\":\"https:\\\/\\\/steuratech.de\\\/wp-content\\\/uploads\\\/2023\\\/10\\\/Steuratech-Logo.png\",\"width\":2000,\"height\":400,\"caption\":\"Steuratech.de\"},\"image\":{\"@id\":\"https:\\\/\\\/steuratech.de\\\/de\\\/#\\\/schema\\\/logo\\\/image\\\/\"}}]}<\/script>\n<!-- \/ Yoast SEO plugin. -->","yoast_head_json":{"title":"Betriebsmittelbau - Steuratech.de","description":"Mechatronisches Engineering f\u00fcr Ihre Produktionsger\u00e4te und Laborger\u00e4te. Wir setzen Ihre Verfahren und Innovationen in Ger\u00e4te um.","robots":{"index":"index","follow":"follow","max-snippet":"max-snippet:-1","max-image-preview":"max-image-preview:large","max-video-preview":"max-video-preview:-1"},"canonical":"https:\/\/steuratech.de\/de\/betriebsmittelbau\/","og_locale":"de_DE","og_type":"article","og_title":"Betriebsmittelbau - Steuratech.de","og_description":"Mechatronisches Engineering f\u00fcr Ihre Produktionsger\u00e4te und Laborger\u00e4te. Wir setzen Ihre Verfahren und Innovationen in Ger\u00e4te um.","og_url":"https:\/\/steuratech.de\/de\/betriebsmittelbau\/","og_site_name":"Steuratech.de","article_modified_time":"2025-12-16T03:19:46+00:00","og_image":[{"width":1718,"height":1292,"url":"https:\/\/steuratech.de\/wp-content\/uploads\/2025\/12\/betriebsmittel-up-sw.jpg","type":"image\/jpeg"}],"twitter_card":"summary_large_image","twitter_misc":{"Gesch\u00e4tzte Lesezeit":"3\u00a0Minuten"},"schema":{"@context":"https:\/\/schema.org","@graph":[{"@type":"WebPage","@id":"https:\/\/steuratech.de\/betriebsmittelbau\/","url":"https:\/\/steuratech.de\/betriebsmittelbau\/","name":"Betriebsmittelbau - Steuratech.de","isPartOf":{"@id":"https:\/\/steuratech.de\/de\/#website"},"primaryImageOfPage":{"@id":"https:\/\/steuratech.de\/betriebsmittelbau\/#primaryimage"},"image":{"@id":"https:\/\/steuratech.de\/betriebsmittelbau\/#primaryimage"},"thumbnailUrl":"https:\/\/steuratech.de\/wp-content\/uploads\/2025\/12\/betriebsmittel-up-sw-1024x770.jpg","datePublished":"2023-10-20T15:35:56+00:00","dateModified":"2025-12-16T03:19:46+00:00","description":"Mechatronisches Engineering f\u00fcr Ihre Produktionsger\u00e4te und Laborger\u00e4te. Wir setzen Ihre Verfahren und Innovationen in Ger\u00e4te um.","breadcrumb":{"@id":"https:\/\/steuratech.de\/betriebsmittelbau\/#breadcrumb"},"inLanguage":"de","potentialAction":[{"@type":"ReadAction","target":["https:\/\/steuratech.de\/betriebsmittelbau\/"]}]},{"@type":"ImageObject","inLanguage":"de","@id":"https:\/\/steuratech.de\/betriebsmittelbau\/#primaryimage","url":"https:\/\/steuratech.de\/wp-content\/uploads\/2025\/12\/betriebsmittel-up-sw-1024x770.jpg","contentUrl":"https:\/\/steuratech.de\/wp-content\/uploads\/2025\/12\/betriebsmittel-up-sw-1024x770.jpg"},{"@type":"BreadcrumbList","@id":"https:\/\/steuratech.de\/betriebsmittelbau\/#breadcrumb","itemListElement":[{"@type":"ListItem","position":1,"name":"Startseite","item":"https:\/\/steuratech.de\/"},{"@type":"ListItem","position":2,"name":"Betriebsmittelbau"}]},{"@type":"WebSite","@id":"https:\/\/steuratech.de\/de\/#website","url":"https:\/\/steuratech.de\/de\/","name":"Steuratech.de","description":"Ger&auml;tebau f&uuml;r Prototypen und Kleinserien","publisher":{"@id":"https:\/\/steuratech.de\/de\/#organization"},"potentialAction":[{"@type":"SearchAction","target":{"@type":"EntryPoint","urlTemplate":"https:\/\/steuratech.de\/de\/?s={search_term_string}"},"query-input":{"@type":"PropertyValueSpecification","valueRequired":true,"valueName":"search_term_string"}}],"inLanguage":"de"},{"@type":"Organization","@id":"https:\/\/steuratech.de\/de\/#organization","name":"Steuratech.de","url":"https:\/\/steuratech.de\/de\/","logo":{"@type":"ImageObject","inLanguage":"de","@id":"https:\/\/steuratech.de\/de\/#\/schema\/logo\/image\/","url":"https:\/\/steuratech.de\/wp-content\/uploads\/2023\/10\/Steuratech-Logo.png","contentUrl":"https:\/\/steuratech.de\/wp-content\/uploads\/2023\/10\/Steuratech-Logo.png","width":2000,"height":400,"caption":"Steuratech.de"},"image":{"@id":"https:\/\/steuratech.de\/de\/#\/schema\/logo\/image\/"}}]}},"_links":{"self":[{"href":"https:\/\/steuratech.de\/de\/wp-json\/wp\/v2\/pages\/45","targetHints":{"allow":["GET"]}}],"collection":[{"href":"https:\/\/steuratech.de\/de\/wp-json\/wp\/v2\/pages"}],"about":[{"href":"https:\/\/steuratech.de\/de\/wp-json\/wp\/v2\/types\/page"}],"author":[{"embeddable":true,"href":"https:\/\/steuratech.de\/de\/wp-json\/wp\/v2\/users\/1"}],"replies":[{"embeddable":true,"href":"https:\/\/steuratech.de\/de\/wp-json\/wp\/v2\/comments?post=45"}],"version-history":[{"count":137,"href":"https:\/\/steuratech.de\/de\/wp-json\/wp\/v2\/pages\/45\/revisions"}],"predecessor-version":[{"id":1733,"href":"https:\/\/steuratech.de\/de\/wp-json\/wp\/v2\/pages\/45\/revisions\/1733"}],"wp:attachment":[{"href":"https:\/\/steuratech.de\/de\/wp-json\/wp\/v2\/media?parent=45"}],"curies":[{"name":"wp","href":"https:\/\/api.w.org\/{rel}","templated":true}]}}